{"id":1590,"date":"2019-04-24T16:53:28","date_gmt":"2019-04-24T20:53:28","guid":{"rendered":"https:\/\/wwd-crise.uqam.ca\/?page_id=1590"},"modified":"2019-08-13T14:51:02","modified_gmt":"2019-08-13T18:51:02","slug":"axis-5-ethical-issues-and-end-of-life-practices","status":"publish","type":"page","link":"https:\/\/crise.ca\/en\/research-areas\/axis-5-ethical-issues-and-end-of-life-practices\/","title":{"rendered":"Axis 5 \u2013 Ethical issues and end-of-life practices"},"content":{"rendered":"\n<p>This axis aims at better understanding the theoretical, practical, ethical, legal and political issues inherent to euthanasia, medical assistance in dying, assisted suicide and end-of-life practices, as well as their complex relationship with suicide. More generally, it also aims at highlighting the ethical issues inherent to research and clinical practices on suicide and end-of-life care.<\/p>\n\n\n\n<h2 class=\"wp-block-heading\">Principal Investigator<\/h2>\n\n\n\n<ul class=\"wp-block-list\"><li>David Weisstub<\/li><\/ul>\n","protected":false},"excerpt":{"rendered":"<p>This axis aims at better understanding the theoretical, practical, ethical, legal and political issues inherent to euthanasia, medical assistance in dying, assisted suicide and end-of-life practices, as well as their complex relationship with suicide. More generally, it also aims at highlighting the ethical issues inherent to research and clinical practices on suicide and end-of-life care. [&hellip;]<\/p>\n","protected":false},"author":1,"featured_media":0,"parent":1579,"menu_order":0,"comment_status":"closed","ping_status":"closed","template":"axes.php","meta":{"_acf_changed":false,"om_disable_all_campaigns":false,"_monsterinsights_skip_tracking":false,"_monsterinsights_sitenote_active":false,"_monsterinsights_sitenote_note":"","_monsterinsights_sitenote_category":0,"_uf_show_specific_survey":0,"_uf_disable_surveys":false,"footnotes":""},"class_list":["post-1590","page","type-page","status-publish","hentry"],"acf":[],"yoast_head":"<!-- This site is optimized with the Yoast SEO plugin v27.4 - https:\/\/yoast.com\/product\/yoast-seo-wordpress\/ -->\n<title>Axis 5 \u2013 Ethical issues and end-of-life practices - CRISE - UQAM<\/title>\n<meta name=\"robots\" content=\"index, follow, max-snippet:-1, max-image-preview:large, max-video-preview:-1\" \/>\n<link rel=\"canonical\" href=\"https:\/\/crise.ca\/en\/research-areas\/axis-5-ethical-issues-and-end-of-life-practices\/\" \/>\n<meta property=\"og:locale\" content=\"en_US\" \/>\n<meta property=\"og:type\" content=\"article\" \/>\n<meta property=\"og:title\" content=\"Axis 5 \u2013 Ethical issues and end-of-life practices - CRISE - UQAM\" \/>\n<meta property=\"og:description\" content=\"This axis aims at better understanding the theoretical, practical, ethical, legal and political issues inherent to euthanasia, medical assistance in dying, assisted suicide and end-of-life practices, as well as their complex relationship with suicide. More generally, it also aims at highlighting the ethical issues inherent to research and clinical practices on suicide and end-of-life care. [&hellip;]\" \/>\n<meta property=\"og:url\" content=\"https:\/\/crise.ca\/en\/research-areas\/axis-5-ethical-issues-and-end-of-life-practices\/\" \/>\n<meta property=\"og:site_name\" content=\"CRISE\" \/>\n<meta property=\"article:modified_time\" content=\"2019-08-13T18:51:02+00:00\" \/>\n<meta name=\"twitter:card\" content=\"summary_large_image\" \/>\n<script type=\"application\/ld+json\" class=\"yoast-schema-graph\">{\"@context\":\"https:\\\/\\\/schema.org\",\"@graph\":[{\"@type\":\"WebPage\",\"@id\":\"https:\\\/\\\/crise.ca\\\/en\\\/research-areas\\\/axis-5-ethical-issues-and-end-of-life-practices\\\/\",\"url\":\"https:\\\/\\\/crise.ca\\\/en\\\/research-areas\\\/axis-5-ethical-issues-and-end-of-life-practices\\\/\",\"name\":\"Axis 5 \u2013 Ethical issues and end-of-life practices - CRISE - UQAM\",\"isPartOf\":{\"@id\":\"https:\\\/\\\/crise.ca\\\/en\\\/#website\"},\"datePublished\":\"2019-04-24T20:53:28+00:00\",\"dateModified\":\"2019-08-13T18:51:02+00:00\",\"breadcrumb\":{\"@id\":\"https:\\\/\\\/crise.ca\\\/en\\\/research-areas\\\/axis-5-ethical-issues-and-end-of-life-practices\\\/#breadcrumb\"},\"inLanguage\":\"en-CA\",\"potentialAction\":[{\"@type\":\"ReadAction\",\"target\":[\"https:\\\/\\\/crise.ca\\\/en\\\/research-areas\\\/axis-5-ethical-issues-and-end-of-life-practices\\\/\"]}]},{\"@type\":\"BreadcrumbList\",\"@id\":\"https:\\\/\\\/crise.ca\\\/en\\\/research-areas\\\/axis-5-ethical-issues-and-end-of-life-practices\\\/#breadcrumb\",\"itemListElement\":[{\"@type\":\"ListItem\",\"position\":1,\"name\":\"UQAM\",\"item\":\"https:\\\/\\\/uqam.ca\"},{\"@type\":\"ListItem\",\"position\":2,\"name\":\"CRISE\",\"item\":\"https:\\\/\\\/crise.ca\\\/en\\\/\"},{\"@type\":\"ListItem\",\"position\":3,\"name\":\"Research Areas\",\"item\":\"https:\\\/\\\/crise.ca\\\/en\\\/research-areas\\\/\"},{\"@type\":\"ListItem\",\"position\":4,\"name\":\"Axis 5 \u2013 Ethical issues and end-of-life practices\"}]},{\"@type\":\"WebSite\",\"@id\":\"https:\\\/\\\/crise.ca\\\/en\\\/#website\",\"url\":\"https:\\\/\\\/crise.ca\\\/en\\\/\",\"name\":\"CRISE\",\"description\":\"Centre de recherche en pr\u00e9vention du suicide situ\u00e9 \u00e0 l&#039;Universit\u00e9 du Qu\u00e9bec \u00e0 Montr\u00e9al\",\"potentialAction\":[{\"@type\":\"SearchAction\",\"target\":{\"@type\":\"EntryPoint\",\"urlTemplate\":\"https:\\\/\\\/crise.ca\\\/en\\\/?s={search_term_string}\"},\"query-input\":{\"@type\":\"PropertyValueSpecification\",\"valueRequired\":true,\"valueName\":\"search_term_string\"}}],\"inLanguage\":\"en-CA\"}]}<\/script>\n<!-- \/ Yoast SEO plugin. -->","yoast_head_json":{"title":"Axis 5 \u2013 Ethical issues and end-of-life practices - CRISE - UQAM","robots":{"index":"index","follow":"follow","max-snippet":"max-snippet:-1","max-image-preview":"max-image-preview:large","max-video-preview":"max-video-preview:-1"},"canonical":"https:\/\/crise.ca\/en\/research-areas\/axis-5-ethical-issues-and-end-of-life-practices\/","og_locale":"en_US","og_type":"article","og_title":"Axis 5 \u2013 Ethical issues and end-of-life practices - CRISE - UQAM","og_description":"This axis aims at better understanding the theoretical, practical, ethical, legal and political issues inherent to euthanasia, medical assistance in dying, assisted suicide and end-of-life practices, as well as their complex relationship with suicide. More generally, it also aims at highlighting the ethical issues inherent to research and clinical practices on suicide and end-of-life care. [&hellip;]","og_url":"https:\/\/crise.ca\/en\/research-areas\/axis-5-ethical-issues-and-end-of-life-practices\/","og_site_name":"CRISE","article_modified_time":"2019-08-13T18:51:02+00:00","twitter_card":"summary_large_image","schema":{"@context":"https:\/\/schema.org","@graph":[{"@type":"WebPage","@id":"https:\/\/crise.ca\/en\/research-areas\/axis-5-ethical-issues-and-end-of-life-practices\/","url":"https:\/\/crise.ca\/en\/research-areas\/axis-5-ethical-issues-and-end-of-life-practices\/","name":"Axis 5 \u2013 Ethical issues and end-of-life practices - CRISE - UQAM","isPartOf":{"@id":"https:\/\/crise.ca\/en\/#website"},"datePublished":"2019-04-24T20:53:28+00:00","dateModified":"2019-08-13T18:51:02+00:00","breadcrumb":{"@id":"https:\/\/crise.ca\/en\/research-areas\/axis-5-ethical-issues-and-end-of-life-practices\/#breadcrumb"},"inLanguage":"en-CA","potentialAction":[{"@type":"ReadAction","target":["https:\/\/crise.ca\/en\/research-areas\/axis-5-ethical-issues-and-end-of-life-practices\/"]}]},{"@type":"BreadcrumbList","@id":"https:\/\/crise.ca\/en\/research-areas\/axis-5-ethical-issues-and-end-of-life-practices\/#breadcrumb","itemListElement":[{"@type":"ListItem","position":1,"name":"UQAM","item":"https:\/\/uqam.ca"},{"@type":"ListItem","position":2,"name":"CRISE","item":"https:\/\/crise.ca\/en\/"},{"@type":"ListItem","position":3,"name":"Research Areas","item":"https:\/\/crise.ca\/en\/research-areas\/"},{"@type":"ListItem","position":4,"name":"Axis 5 \u2013 Ethical issues and end-of-life practices"}]},{"@type":"WebSite","@id":"https:\/\/crise.ca\/en\/#website","url":"https:\/\/crise.ca\/en\/","name":"CRISE","description":"Centre de recherche en pr\u00e9vention du suicide situ\u00e9 \u00e0 l&#039;Universit\u00e9 du Qu\u00e9bec \u00e0 Montr\u00e9al","potentialAction":[{"@type":"SearchAction","target":{"@type":"EntryPoint","urlTemplate":"https:\/\/crise.ca\/en\/?s={search_term_string}"},"query-input":{"@type":"PropertyValueSpecification","valueRequired":true,"valueName":"search_term_string"}}],"inLanguage":"en-CA"}]}},"_links":{"self":[{"href":"https:\/\/crise.ca\/en\/wp-json\/wp\/v2\/pages\/1590","targetHints":{"allow":["GET"]}}],"collection":[{"href":"https:\/\/crise.ca\/en\/wp-json\/wp\/v2\/pages"}],"about":[{"href":"https:\/\/crise.ca\/en\/wp-json\/wp\/v2\/types\/page"}],"author":[{"embeddable":true,"href":"https:\/\/crise.ca\/en\/wp-json\/wp\/v2\/users\/1"}],"replies":[{"embeddable":true,"href":"https:\/\/crise.ca\/en\/wp-json\/wp\/v2\/comments?post=1590"}],"version-history":[{"count":3,"href":"https:\/\/crise.ca\/en\/wp-json\/wp\/v2\/pages\/1590\/revisions"}],"predecessor-version":[{"id":1826,"href":"https:\/\/crise.ca\/en\/wp-json\/wp\/v2\/pages\/1590\/revisions\/1826"}],"up":[{"embeddable":true,"href":"https:\/\/crise.ca\/en\/wp-json\/wp\/v2\/pages\/1579"}],"wp:attachment":[{"href":"https:\/\/crise.ca\/en\/wp-json\/wp\/v2\/media?parent=1590"}],"curies":[{"name":"wp","href":"https:\/\/api.w.org\/{rel}","templated":true}]}}