{"id":1571,"date":"2019-04-24T16:07:23","date_gmt":"2019-04-24T20:07:23","guid":{"rendered":"https:\/\/wwd-crise.uqam.ca\/?page_id=1571"},"modified":"2021-06-16T10:16:02","modified_gmt":"2021-06-16T14:16:02","slug":"webinars","status":"publish","type":"page","link":"https:\/\/crise.ca\/en\/resources\/webinars\/","title":{"rendered":"Webinars"},"content":{"rendered":"\n<p>Since 2012, CRISE produces free and public webinars to further its mission of knowledge transfer and application. Webinars are conferences given by experts on topics related to CRISE <a href=\"https:\/\/crise.ca\/en\/lines-of-research\/\">research areas<\/a>. Participants can attend this webinar live online (free registration mandatory) and exchange with the speaker (webinarist). The webinars are also publicly available online to watch later on. Additional webinars are available <a href=\"https:\/\/crise.ca\/ressources\/webinaires\/\">in French<\/a>.<\/p>\n\n\n\n<p>To watch past webinars, click on the links below (original language). You can also follow us on <a href=\"http:\/\/www.twitter.com\/CRISE_EN\">Twitter <\/a> and <a href=\"https:\/\/www.facebook.com\/CRISE.UQAM.Recherche\" target=\"_blank\" rel=\"noreferrer noopener\">Facebook<\/a> to be informed of future webinars.<\/p>\n\n\n\n<h2 class=\"wp-block-heading\">2021<\/h2>\n\n\n\n<ul class=\"wp-block-list\"><li><a href=\"https:\/\/crise.ca\/en\/webinaires-en\/2021\/conversations-on-national-suicide-prevention-strategies\/\">Conversations on National Suicide Prevention Strategies<\/a><\/li><\/ul>\n\n\n\n<h2 class=\"wp-block-heading\">National Webinars on Suicide Prevention 2020<\/h2>\n\n\n\n<p>For all webinars in French, see the French translation of this page (<a href=\"https:\/\/crise.ca\/ressources\/webinaires\/\">Webinaires<\/a>).<\/p>\n\n\n\n<ul class=\"wp-block-list\"><li><a href=\"https:\/\/crise.ca\/en\/webinaires-en\/saison-2020-webinaires-en\/best-practices-in-interventions-with-frequent-callers-to-helplines\/\">Best Practices in Interventions with Frequent Callers to Helplines<\/a><\/li><li><a href=\"https:\/\/crise.ca\/en\/webinaires-en\/saison-2020-webinaires-en\/questioning-the-validity-of-adolescent-borderline-personality-disorder-bpd-a-prospective-study-of-286-previously-suicidal-adolescents\/\">Questioning the Validity of Adolescent Borderline Personality Disorder (BPD): a Prospective Study of 286 Previously Suicidal Adolescents<\/a><\/li><li><a href=\"https:\/\/crise.ca\/en\/webinaires-en\/saison-2020-webinaires-en\/researching-suicide-prevention-in-persons-with-an-intellectual-disability-or-autism-spectrum-disorder-lessons-learned-from-current-research\/\">Researching Suicide Prevention in Persons with an Intellectual Disability or Autism Spectrum Disorder: Lessons Learned from Current Research<\/a><\/li><li><a href=\"https:\/\/crise.ca\/en\/webinaires-en\/saison-2020-webinaires-en\/postvention-program-being-prepared-to-act-in-the-event-of-a-suicide-seguin-roy-boilar-2020\/\">Postvention Program: Being Prepared to Act in the Event of a Suicide (S\u00e9guin, Roy &amp; Boilar, 2020)<\/a><\/li><li><a href=\"https:\/\/crise.ca\/en\/webinaires\/saison-2020\/what-is-the-connection-between-pandemics-and-suicides\/\">What is the Connection Between Pandemics and Suicides?<\/a><\/li><li><a href=\"https:\/\/crise.ca\/en\/webinaires\/saison-2020\/suicide-clusters-interpersonal-contagion-or-collective-demoralization\/\">Suicide Clusters: interpersonal contagion or collective demoralization?<\/a><\/li><\/ul>\n\n\n\n<h2 class=\"wp-block-heading\">2019<\/h2>\n\n\n\n<ul class=\"wp-block-list\"><li>In English: <a href=\"https:\/\/crise.ca\/webinaires\/are-there-some-premature-deaths-we-should-not-prevent-suicide-prevention-when-assistance-in-dying-is-available\/\">Are there some premature deaths we should not prevent? Suicide prevention when assistance in dying is available<\/a><\/li><li><a rel=\"noreferrer noopener\" href=\"https:\/\/crise.ca\/webinaires\/saison-2019\/prevention-du-suicide-a-lere-numerique-les-jeunes-peuvent-ils-vraiment-trouver-de-laide-en-ligne\/\" target=\"_blank\">Pr\u00e9vention du suicide \u00e0 l\u2019\u00e8re num\u00e9rique: les jeunes peuvent-ils vraiment trouver de l\u2019aide en ligne?<\/a> <\/li><\/ul>\n\n\n\n<h2 class=\"wp-block-heading\"> 2018<\/h2>\n\n\n\n<ul class=\"wp-block-list\"><li><a rel=\"noreferrer noopener\" aria-label=\"\u00c9l\u00e9ments de th\u00e9rapie comportementale dialectique utiles dans la pr\u00e9vention des comportements suicidaires chez les adolescents\u2028 (opens in a new tab)\" href=\"https:\/\/vimeo.com\/304723604\" target=\"_blank\">\u00c9l\u00e9ments de th\u00e9rapie comportementale dialectique utiles dans la pr\u00e9vention des comportements suicidaires chez les adolescents<\/a><\/li><li><a rel=\"noreferrer noopener\" aria-label=\"Comment \u00e9laborer un plan de s\u00e9curit\u00e9 pour la crise suicidaire (opens in a new tab)\" href=\"https:\/\/vimeo.com\/295701254\" target=\"_blank\">Comment \u00e9laborer un plan de s\u00e9curit\u00e9 pour la crise suicidaire<\/a><\/li><li>In English: <a rel=\"noreferrer noopener\" aria-label=\"Two positive intervention strategies in schools that focus on the personal resources of primary school children (opens in a new tab)\" href=\"https:\/\/vimeo.com\/276298605\" target=\"_blank\">Two positive intervention strategies in schools that focus on the personal resources of primary school children<\/a><\/li><li><a rel=\"noreferrer noopener\" aria-label=\"Le processus AUDIS 2 \u2013 Intervention (opens in a new tab)\" href=\"https:\/\/vimeo.com\/255812550\" target=\"_blank\">Le processus AUDIS 2 \u2013 Intervention<\/a><\/li><li><a rel=\"noreferrer noopener\" aria-label=\"Le processus AUDIS 1 \u2013 Estimation (opens in a new tab)\" href=\"https:\/\/vimeo.com\/253713813\" target=\"_blank\">Le processus AUDIS 1 \u2013 Estimation<\/a><\/li><\/ul>\n\n\n\n<h2 class=\"wp-block-heading\">2014<\/h2>\n\n\n\n<ul class=\"wp-block-list\"><li><a href=\"https:\/\/vimeo.com\/96615270\" target=\"_blank\" rel=\"noreferrer noopener\" aria-label=\"Le r\u00f4le du coroner: un soutien pour la recherche, la surveillance et la pr\u00e9vention du suicide (opens in a new tab)\">Le r\u00f4le du coroner: un soutien pour la recherche, la surveillance et la pr\u00e9vention du suicide<\/a><\/li><li><a href=\"https:\/\/vimeo.com\/91318116\" target=\"_blank\" rel=\"noreferrer noopener\" aria-label=\"(Se) mourir de peine en prison : La probl\u00e9matique du suicide en milieu carc\u00e9ral (opens in a new tab)\">(Se) mourir de peine en prison : La probl\u00e9matique du suicide en milieu carc\u00e9ral<\/a><\/li><\/ul>\n\n\n\n<h2 class=\"wp-block-heading\">2013<\/h2>\n\n\n\n<ul class=\"wp-block-list\"><li><a href=\"https:\/\/vimeo.com\/71278891\" target=\"_blank\" rel=\"noreferrer noopener\" aria-label=\"Les enjeux suicidaires : Un d\u00e9fi au quotidien dans les centres de r\u00e9adaptation en d\u00e9pendance (opens in a new tab)\">Les enjeux suicidaires : Un d\u00e9fi au quotidien dans les centres de r\u00e9adaptation en d\u00e9pendance<\/a><\/li><li><a href=\"https:\/\/vimeo.com\/70957873\" target=\"_blank\" rel=\"noreferrer noopener\" aria-label=\"Le grand silence des agriculteurs : Portrait de la d\u00e9tresse psychologique et du suicide en milieu agricole (opens in a new tab)\">Le grand silence des agriculteurs : Portrait de la d\u00e9tresse psychologique et du suicide en milieu agricole<\/a><\/li><li><a href=\"https:\/\/vimeo.com\/69754600\" target=\"_blank\" rel=\"noreferrer noopener\" aria-label=\"L\u2019importance de bien identifier les types de r\u00e9actions \u00e0 la suite d\u2019un suicide (opens in a new tab)\">L\u2019importance de bien identifier les types de r\u00e9actions \u00e0 la suite d\u2019un suicide<\/a><\/li><li><a href=\"https:\/\/vimeo.com\/70574010\" target=\"_blank\" rel=\"noreferrer noopener\" aria-label=\"Les enfants suicidaires : Particularit\u00e9s du processus suicidaire et intervention aupr\u00e8s d\u2019eux (opens in a new tab)\">Les enfants suicidaires : Particularit\u00e9s du processus suicidaire et intervention aupr\u00e8s d\u2019eux<\/a><\/li><\/ul>\n\n\n\n<h2 class=\"wp-block-heading\">2012<\/h2>\n\n\n\n<ul class=\"wp-block-list\"><li><a rel=\"noreferrer noopener\" aria-label=\"Les enjeux pour les intervenants du suicide, du suicide assist\u00e9 et de l\u2019euthanasie des personnes atteintes d\u2019une maladie terminale ou d\u00e9g\u00e9n\u00e9rative (opens in a new tab)\" href=\"https:\/\/vimeo.com\/64748748\" target=\"_blank\">Les enjeux pour les intervenants du suicide, du suicide assist\u00e9 et de l\u2019euthanasie des personnes atteintes d\u2019une maladie terminale ou d\u00e9g\u00e9n\u00e9rative<\/a><\/li><li><a rel=\"noreferrer noopener\" aria-label=\"Le suicide en milieu autochtone: Y a-t-il un espoir de r\u00e9silience? (opens in a new tab)\" href=\"https:\/\/vimeo.com\/64820926\" target=\"_blank\">Le suicide en milieu autochtone: Y a-t-il un espoir de r\u00e9silience?<\/a><\/li><li><a rel=\"noreferrer noopener\" aria-label=\"Comprendre le suicide chez les hommes: Avons-nous fait des progr\u00e8s en 5 ans de recherche? (opens in a new tab)\" href=\"https:\/\/vimeo.com\/64758986\" target=\"_blank\">Comprendre le suicide chez les hommes: Avons-nous fait des progr\u00e8s en 5 ans de recherche?<\/a><\/li><\/ul>\n","protected":false},"excerpt":{"rendered":"<p>Since 2012, CRISE produces free and public webinars to further its mission of knowledge transfer and application. Webinars are conferences given by experts on topics related to CRISE research areas. Participants can attend this webinar live online (free registration mandatory) and exchange with the speaker (webinarist). The webinars are also publicly available online to watch [&hellip;]<\/p>\n","protected":false},"author":1,"featured_media":0,"parent":1555,"menu_order":0,"comment_status":"closed","ping_status":"closed","template":"","meta":{"_acf_changed":false,"om_disable_all_campaigns":false,"_monsterinsights_skip_tracking":false,"_monsterinsights_sitenote_active":false,"_monsterinsights_sitenote_note":"","_monsterinsights_sitenote_category":0,"_uf_show_specific_survey":0,"_uf_disable_surveys":false,"footnotes":""},"class_list":["post-1571","page","type-page","status-publish","hentry"],"acf":[],"yoast_head":"<!-- This site is optimized with the Yoast SEO plugin v27.5 - https:\/\/yoast.com\/product\/yoast-seo-wordpress\/ -->\n<title>Webinars - CRISE - UQAM<\/title>\n<meta name=\"robots\" content=\"index, follow, max-snippet:-1, max-image-preview:large, max-video-preview:-1\" \/>\n<link rel=\"canonical\" href=\"https:\/\/crise.ca\/en\/resources\/webinars\/\" \/>\n<meta property=\"og:locale\" content=\"en_US\" \/>\n<meta property=\"og:type\" content=\"article\" \/>\n<meta property=\"og:title\" content=\"Webinars - CRISE - UQAM\" \/>\n<meta property=\"og:description\" content=\"Since 2012, CRISE produces free and public webinars to further its mission of knowledge transfer and application. Webinars are conferences given by experts on topics related to CRISE research areas. Participants can attend this webinar live online (free registration mandatory) and exchange with the speaker (webinarist). The webinars are also publicly available online to watch [&hellip;]\" \/>\n<meta property=\"og:url\" content=\"https:\/\/crise.ca\/en\/resources\/webinars\/\" \/>\n<meta property=\"og:site_name\" content=\"CRISE\" \/>\n<meta property=\"article:modified_time\" content=\"2021-06-16T14:16:02+00:00\" \/>\n<meta name=\"twitter:card\" content=\"summary_large_image\" \/>\n<meta name=\"twitter:label1\" content=\"Est. reading time\" \/>\n\t<meta name=\"twitter:data1\" content=\"2 minutes\" \/>\n<script type=\"application\/ld+json\" class=\"yoast-schema-graph\">{\"@context\":\"https:\\\/\\\/schema.org\",\"@graph\":[{\"@type\":\"WebPage\",\"@id\":\"https:\\\/\\\/crise.ca\\\/en\\\/resources\\\/webinars\\\/\",\"url\":\"https:\\\/\\\/crise.ca\\\/en\\\/resources\\\/webinars\\\/\",\"name\":\"Webinars - CRISE - UQAM\",\"isPartOf\":{\"@id\":\"https:\\\/\\\/crise.ca\\\/en\\\/#website\"},\"datePublished\":\"2019-04-24T20:07:23+00:00\",\"dateModified\":\"2021-06-16T14:16:02+00:00\",\"breadcrumb\":{\"@id\":\"https:\\\/\\\/crise.ca\\\/en\\\/resources\\\/webinars\\\/#breadcrumb\"},\"inLanguage\":\"en-CA\",\"potentialAction\":[{\"@type\":\"ReadAction\",\"target\":[\"https:\\\/\\\/crise.ca\\\/en\\\/resources\\\/webinars\\\/\"]}]},{\"@type\":\"BreadcrumbList\",\"@id\":\"https:\\\/\\\/crise.ca\\\/en\\\/resources\\\/webinars\\\/#breadcrumb\",\"itemListElement\":[{\"@type\":\"ListItem\",\"position\":1,\"name\":\"UQAM\",\"item\":\"https:\\\/\\\/uqam.ca\"},{\"@type\":\"ListItem\",\"position\":2,\"name\":\"CRISE\",\"item\":\"https:\\\/\\\/crise.ca\\\/en\\\/\"},{\"@type\":\"ListItem\",\"position\":3,\"name\":\"Resources\",\"item\":\"https:\\\/\\\/crise.ca\\\/en\\\/resources\\\/\"},{\"@type\":\"ListItem\",\"position\":4,\"name\":\"Webinars\"}]},{\"@type\":\"WebSite\",\"@id\":\"https:\\\/\\\/crise.ca\\\/en\\\/#website\",\"url\":\"https:\\\/\\\/crise.ca\\\/en\\\/\",\"name\":\"CRISE\",\"description\":\"Centre de recherche en pr\u00e9vention du suicide situ\u00e9 \u00e0 l&#039;Universit\u00e9 du Qu\u00e9bec \u00e0 Montr\u00e9al\",\"potentialAction\":[{\"@type\":\"SearchAction\",\"target\":{\"@type\":\"EntryPoint\",\"urlTemplate\":\"https:\\\/\\\/crise.ca\\\/en\\\/?s={search_term_string}\"},\"query-input\":{\"@type\":\"PropertyValueSpecification\",\"valueRequired\":true,\"valueName\":\"search_term_string\"}}],\"inLanguage\":\"en-CA\"}]}<\/script>\n<!-- \/ Yoast SEO plugin. -->","yoast_head_json":{"title":"Webinars - CRISE - UQAM","robots":{"index":"index","follow":"follow","max-snippet":"max-snippet:-1","max-image-preview":"max-image-preview:large","max-video-preview":"max-video-preview:-1"},"canonical":"https:\/\/crise.ca\/en\/resources\/webinars\/","og_locale":"en_US","og_type":"article","og_title":"Webinars - CRISE - UQAM","og_description":"Since 2012, CRISE produces free and public webinars to further its mission of knowledge transfer and application. Webinars are conferences given by experts on topics related to CRISE research areas. Participants can attend this webinar live online (free registration mandatory) and exchange with the speaker (webinarist). The webinars are also publicly available online to watch [&hellip;]","og_url":"https:\/\/crise.ca\/en\/resources\/webinars\/","og_site_name":"CRISE","article_modified_time":"2021-06-16T14:16:02+00:00","twitter_card":"summary_large_image","twitter_misc":{"Est. reading time":"2 minutes"},"schema":{"@context":"https:\/\/schema.org","@graph":[{"@type":"WebPage","@id":"https:\/\/crise.ca\/en\/resources\/webinars\/","url":"https:\/\/crise.ca\/en\/resources\/webinars\/","name":"Webinars - CRISE - UQAM","isPartOf":{"@id":"https:\/\/crise.ca\/en\/#website"},"datePublished":"2019-04-24T20:07:23+00:00","dateModified":"2021-06-16T14:16:02+00:00","breadcrumb":{"@id":"https:\/\/crise.ca\/en\/resources\/webinars\/#breadcrumb"},"inLanguage":"en-CA","potentialAction":[{"@type":"ReadAction","target":["https:\/\/crise.ca\/en\/resources\/webinars\/"]}]},{"@type":"BreadcrumbList","@id":"https:\/\/crise.ca\/en\/resources\/webinars\/#breadcrumb","itemListElement":[{"@type":"ListItem","position":1,"name":"UQAM","item":"https:\/\/uqam.ca"},{"@type":"ListItem","position":2,"name":"CRISE","item":"https:\/\/crise.ca\/en\/"},{"@type":"ListItem","position":3,"name":"Resources","item":"https:\/\/crise.ca\/en\/resources\/"},{"@type":"ListItem","position":4,"name":"Webinars"}]},{"@type":"WebSite","@id":"https:\/\/crise.ca\/en\/#website","url":"https:\/\/crise.ca\/en\/","name":"CRISE","description":"Centre de recherche en pr\u00e9vention du suicide situ\u00e9 \u00e0 l&#039;Universit\u00e9 du Qu\u00e9bec \u00e0 Montr\u00e9al","potentialAction":[{"@type":"SearchAction","target":{"@type":"EntryPoint","urlTemplate":"https:\/\/crise.ca\/en\/?s={search_term_string}"},"query-input":{"@type":"PropertyValueSpecification","valueRequired":true,"valueName":"search_term_string"}}],"inLanguage":"en-CA"}]}},"_links":{"self":[{"href":"https:\/\/crise.ca\/en\/wp-json\/wp\/v2\/pages\/1571","targetHints":{"allow":["GET"]}}],"collection":[{"href":"https:\/\/crise.ca\/en\/wp-json\/wp\/v2\/pages"}],"about":[{"href":"https:\/\/crise.ca\/en\/wp-json\/wp\/v2\/types\/page"}],"author":[{"embeddable":true,"href":"https:\/\/crise.ca\/en\/wp-json\/wp\/v2\/users\/1"}],"replies":[{"embeddable":true,"href":"https:\/\/crise.ca\/en\/wp-json\/wp\/v2\/comments?post=1571"}],"version-history":[{"count":19,"href":"https:\/\/crise.ca\/en\/wp-json\/wp\/v2\/pages\/1571\/revisions"}],"predecessor-version":[{"id":5058,"href":"https:\/\/crise.ca\/en\/wp-json\/wp\/v2\/pages\/1571\/revisions\/5058"}],"up":[{"embeddable":true,"href":"https:\/\/crise.ca\/en\/wp-json\/wp\/v2\/pages\/1555"}],"wp:attachment":[{"href":"https:\/\/crise.ca\/en\/wp-json\/wp\/v2\/media?parent=1571"}],"curies":[{"name":"wp","href":"https:\/\/api.w.org\/{rel}","templated":true}]}}