{"id":1561,"date":"2019-04-09T14:58:00","date_gmt":"2019-04-09T18:58:00","guid":{"rendered":"https:\/\/wwd-crise.uqam.ca\/?page_id=1561"},"modified":"2019-10-15T15:35:28","modified_gmt":"2019-10-15T19:35:28","slug":"sites-associes","status":"publish","type":"page","link":"https:\/\/crise.ca\/en\/resources\/sites-associes\/","title":{"rendered":"Related Websites"},"content":{"rendered":"\n<ul class=\"wp-block-list\"><li><a href=\"https:\/\/zippy.uqam.ca\/\">Zippy&#8217;s Friends<\/a><\/li><li><a href=\"http:\/\/www.passeportsequiperpourlavie.ca\/language\/en\/homepage\/\">Passeport: Skills for Life<\/a><\/li><li><a href=\"http:\/\/railwaysuicideprevention.com\/\">Railway Suicide Prevention and Reduction of Negative Consequences<\/a><\/li><li><a href=\"http:\/\/comprendrelesuicide.uqam.ca\">P<\/a><a href=\"https:\/\/comprendrelesuicide.uqam.ca\/\">r\u00e9vention du suicide: synth\u00e8ses de connaissances<\/a><\/li><li><a href=\"http:\/\/ditsasuicide.ca\/\">DI-TSA &amp; Suicide<\/a><\/li><\/ul>\n\n\n\n<p><\/p>\n","protected":false},"excerpt":{"rendered":"<p>Zippy&#8217;s Friends Passeport: Skills for Life Railway Suicide Prevention and Reduction of Negative Consequences Pr\u00e9vention du suicide: synth\u00e8ses de connaissances DI-TSA &amp; Suicide<\/p>\n","protected":false},"author":1,"featured_media":0,"parent":1555,"menu_order":0,"comment_status":"closed","ping_status":"closed","template":"","meta":{"_acf_changed":false,"om_disable_all_campaigns":false,"_monsterinsights_skip_tracking":false,"_monsterinsights_sitenote_active":false,"_monsterinsights_sitenote_note":"","_monsterinsights_sitenote_category":0,"_uf_show_specific_survey":0,"_uf_disable_surveys":false,"footnotes":""},"class_list":["post-1561","page","type-page","status-publish","hentry"],"acf":[],"yoast_head":"<!-- This site is optimized with the Yoast SEO plugin v27.5 - https:\/\/yoast.com\/product\/yoast-seo-wordpress\/ -->\n<title>Related Websites - CRISE - UQAM<\/title>\n<meta name=\"robots\" content=\"index, follow, max-snippet:-1, max-image-preview:large, max-video-preview:-1\" \/>\n<link rel=\"canonical\" href=\"https:\/\/crise.ca\/en\/resources\/sites-associes\/\" \/>\n<meta property=\"og:locale\" content=\"en_US\" \/>\n<meta property=\"og:type\" content=\"article\" \/>\n<meta property=\"og:title\" content=\"Related Websites - CRISE - UQAM\" \/>\n<meta property=\"og:description\" content=\"Zippy&#8217;s Friends Passeport: Skills for Life Railway Suicide Prevention and Reduction of Negative Consequences Pr\u00e9vention du suicide: synth\u00e8ses de connaissances DI-TSA &amp; Suicide\" \/>\n<meta property=\"og:url\" content=\"https:\/\/crise.ca\/en\/resources\/sites-associes\/\" \/>\n<meta property=\"og:site_name\" content=\"CRISE\" \/>\n<meta property=\"article:modified_time\" content=\"2019-10-15T19:35:28+00:00\" \/>\n<meta name=\"twitter:card\" content=\"summary_large_image\" \/>\n<script type=\"application\/ld+json\" class=\"yoast-schema-graph\">{\"@context\":\"https:\\\/\\\/schema.org\",\"@graph\":[{\"@type\":\"WebPage\",\"@id\":\"https:\\\/\\\/crise.ca\\\/en\\\/resources\\\/sites-associes\\\/\",\"url\":\"https:\\\/\\\/crise.ca\\\/en\\\/resources\\\/sites-associes\\\/\",\"name\":\"Related Websites - CRISE - UQAM\",\"isPartOf\":{\"@id\":\"https:\\\/\\\/crise.ca\\\/en\\\/#website\"},\"datePublished\":\"2019-04-09T18:58:00+00:00\",\"dateModified\":\"2019-10-15T19:35:28+00:00\",\"breadcrumb\":{\"@id\":\"https:\\\/\\\/crise.ca\\\/en\\\/resources\\\/sites-associes\\\/#breadcrumb\"},\"inLanguage\":\"en-CA\",\"potentialAction\":[{\"@type\":\"ReadAction\",\"target\":[\"https:\\\/\\\/crise.ca\\\/en\\\/resources\\\/sites-associes\\\/\"]}]},{\"@type\":\"BreadcrumbList\",\"@id\":\"https:\\\/\\\/crise.ca\\\/en\\\/resources\\\/sites-associes\\\/#breadcrumb\",\"itemListElement\":[{\"@type\":\"ListItem\",\"position\":1,\"name\":\"UQAM\",\"item\":\"https:\\\/\\\/uqam.ca\"},{\"@type\":\"ListItem\",\"position\":2,\"name\":\"CRISE\",\"item\":\"https:\\\/\\\/crise.ca\\\/en\\\/\"},{\"@type\":\"ListItem\",\"position\":3,\"name\":\"Resources\",\"item\":\"https:\\\/\\\/crise.ca\\\/en\\\/resources\\\/\"},{\"@type\":\"ListItem\",\"position\":4,\"name\":\"Related Websites\"}]},{\"@type\":\"WebSite\",\"@id\":\"https:\\\/\\\/crise.ca\\\/en\\\/#website\",\"url\":\"https:\\\/\\\/crise.ca\\\/en\\\/\",\"name\":\"CRISE\",\"description\":\"Centre de recherche en pr\u00e9vention du suicide situ\u00e9 \u00e0 l&#039;Universit\u00e9 du Qu\u00e9bec \u00e0 Montr\u00e9al\",\"potentialAction\":[{\"@type\":\"SearchAction\",\"target\":{\"@type\":\"EntryPoint\",\"urlTemplate\":\"https:\\\/\\\/crise.ca\\\/en\\\/?s={search_term_string}\"},\"query-input\":{\"@type\":\"PropertyValueSpecification\",\"valueRequired\":true,\"valueName\":\"search_term_string\"}}],\"inLanguage\":\"en-CA\"}]}<\/script>\n<!-- \/ Yoast SEO plugin. -->","yoast_head_json":{"title":"Related Websites - CRISE - UQAM","robots":{"index":"index","follow":"follow","max-snippet":"max-snippet:-1","max-image-preview":"max-image-preview:large","max-video-preview":"max-video-preview:-1"},"canonical":"https:\/\/crise.ca\/en\/resources\/sites-associes\/","og_locale":"en_US","og_type":"article","og_title":"Related Websites - CRISE - UQAM","og_description":"Zippy&#8217;s Friends Passeport: Skills for Life Railway Suicide Prevention and Reduction of Negative Consequences Pr\u00e9vention du suicide: synth\u00e8ses de connaissances DI-TSA &amp; Suicide","og_url":"https:\/\/crise.ca\/en\/resources\/sites-associes\/","og_site_name":"CRISE","article_modified_time":"2019-10-15T19:35:28+00:00","twitter_card":"summary_large_image","schema":{"@context":"https:\/\/schema.org","@graph":[{"@type":"WebPage","@id":"https:\/\/crise.ca\/en\/resources\/sites-associes\/","url":"https:\/\/crise.ca\/en\/resources\/sites-associes\/","name":"Related Websites - CRISE - UQAM","isPartOf":{"@id":"https:\/\/crise.ca\/en\/#website"},"datePublished":"2019-04-09T18:58:00+00:00","dateModified":"2019-10-15T19:35:28+00:00","breadcrumb":{"@id":"https:\/\/crise.ca\/en\/resources\/sites-associes\/#breadcrumb"},"inLanguage":"en-CA","potentialAction":[{"@type":"ReadAction","target":["https:\/\/crise.ca\/en\/resources\/sites-associes\/"]}]},{"@type":"BreadcrumbList","@id":"https:\/\/crise.ca\/en\/resources\/sites-associes\/#breadcrumb","itemListElement":[{"@type":"ListItem","position":1,"name":"UQAM","item":"https:\/\/uqam.ca"},{"@type":"ListItem","position":2,"name":"CRISE","item":"https:\/\/crise.ca\/en\/"},{"@type":"ListItem","position":3,"name":"Resources","item":"https:\/\/crise.ca\/en\/resources\/"},{"@type":"ListItem","position":4,"name":"Related Websites"}]},{"@type":"WebSite","@id":"https:\/\/crise.ca\/en\/#website","url":"https:\/\/crise.ca\/en\/","name":"CRISE","description":"Centre de recherche en pr\u00e9vention du suicide situ\u00e9 \u00e0 l&#039;Universit\u00e9 du Qu\u00e9bec \u00e0 Montr\u00e9al","potentialAction":[{"@type":"SearchAction","target":{"@type":"EntryPoint","urlTemplate":"https:\/\/crise.ca\/en\/?s={search_term_string}"},"query-input":{"@type":"PropertyValueSpecification","valueRequired":true,"valueName":"search_term_string"}}],"inLanguage":"en-CA"}]}},"_links":{"self":[{"href":"https:\/\/crise.ca\/en\/wp-json\/wp\/v2\/pages\/1561","targetHints":{"allow":["GET"]}}],"collection":[{"href":"https:\/\/crise.ca\/en\/wp-json\/wp\/v2\/pages"}],"about":[{"href":"https:\/\/crise.ca\/en\/wp-json\/wp\/v2\/types\/page"}],"author":[{"embeddable":true,"href":"https:\/\/crise.ca\/en\/wp-json\/wp\/v2\/users\/1"}],"replies":[{"embeddable":true,"href":"https:\/\/crise.ca\/en\/wp-json\/wp\/v2\/comments?post=1561"}],"version-history":[{"count":10,"href":"https:\/\/crise.ca\/en\/wp-json\/wp\/v2\/pages\/1561\/revisions"}],"predecessor-version":[{"id":2642,"href":"https:\/\/crise.ca\/en\/wp-json\/wp\/v2\/pages\/1561\/revisions\/2642"}],"up":[{"embeddable":true,"href":"https:\/\/crise.ca\/en\/wp-json\/wp\/v2\/pages\/1555"}],"wp:attachment":[{"href":"https:\/\/crise.ca\/en\/wp-json\/wp\/v2\/media?parent=1561"}],"curies":[{"name":"wp","href":"https:\/\/api.w.org\/{rel}","templated":true}]}}