{"id":1555,"date":"2019-04-24T11:58:32","date_gmt":"2019-04-24T15:58:32","guid":{"rendered":"https:\/\/wwd-crise.uqam.ca\/?page_id=1555"},"modified":"2019-08-13T15:06:30","modified_gmt":"2019-08-13T19:06:30","slug":"resources","status":"publish","type":"page","link":"https:\/\/crise.ca\/en\/resources\/","title":{"rendered":"Resources"},"content":{"rendered":"","protected":false},"excerpt":{"rendered":"","protected":false},"author":1,"featured_media":0,"parent":0,"menu_order":0,"comment_status":"closed","ping_status":"closed","template":"","meta":{"_acf_changed":false,"om_disable_all_campaigns":false,"_monsterinsights_skip_tracking":false,"_monsterinsights_sitenote_active":false,"_monsterinsights_sitenote_note":"","_monsterinsights_sitenote_category":0,"_uf_show_specific_survey":0,"_uf_disable_surveys":false,"footnotes":""},"class_list":["post-1555","page","type-page","status-publish","hentry"],"acf":[],"yoast_head":"<!-- This site is optimized with the Yoast SEO plugin v27.4 - https:\/\/yoast.com\/product\/yoast-seo-wordpress\/ -->\n<title>Resources - CRISE - UQAM<\/title>\n<meta name=\"description\" content=\"CRISE Documentation centre, database on suicide prevention and end-of-life practices, Summer institutes, CRISE webinars, and associated websites.\" \/>\n<meta name=\"robots\" content=\"index, follow, max-snippet:-1, max-image-preview:large, max-video-preview:-1\" \/>\n<link rel=\"canonical\" href=\"https:\/\/crise.ca\/en\/resources\/\" \/>\n<meta property=\"og:locale\" content=\"en_US\" \/>\n<meta property=\"og:type\" content=\"article\" \/>\n<meta property=\"og:title\" content=\"Resources - CRISE - UQAM\" \/>\n<meta property=\"og:description\" content=\"CRISE Documentation centre, database on suicide prevention and end-of-life practices, Summer institutes, CRISE webinars, and associated websites.\" \/>\n<meta property=\"og:url\" content=\"https:\/\/crise.ca\/en\/resources\/\" \/>\n<meta property=\"og:site_name\" content=\"CRISE\" \/>\n<meta property=\"article:modified_time\" content=\"2019-08-13T19:06:30+00:00\" \/>\n<meta name=\"twitter:card\" content=\"summary_large_image\" \/>\n<script type=\"application\/ld+json\" class=\"yoast-schema-graph\">{\"@context\":\"https:\\\/\\\/schema.org\",\"@graph\":[{\"@type\":\"WebPage\",\"@id\":\"https:\\\/\\\/crise.ca\\\/en\\\/resources\\\/\",\"url\":\"https:\\\/\\\/crise.ca\\\/en\\\/resources\\\/\",\"name\":\"Resources - CRISE - UQAM\",\"isPartOf\":{\"@id\":\"https:\\\/\\\/crise.ca\\\/en\\\/#website\"},\"datePublished\":\"2019-04-24T15:58:32+00:00\",\"dateModified\":\"2019-08-13T19:06:30+00:00\",\"description\":\"CRISE Documentation centre, database on suicide prevention and end-of-life practices, Summer institutes, CRISE webinars, and associated websites.\",\"breadcrumb\":{\"@id\":\"https:\\\/\\\/crise.ca\\\/en\\\/resources\\\/#breadcrumb\"},\"inLanguage\":\"en-CA\",\"potentialAction\":[{\"@type\":\"ReadAction\",\"target\":[\"https:\\\/\\\/crise.ca\\\/en\\\/resources\\\/\"]}]},{\"@type\":\"BreadcrumbList\",\"@id\":\"https:\\\/\\\/crise.ca\\\/en\\\/resources\\\/#breadcrumb\",\"itemListElement\":[{\"@type\":\"ListItem\",\"position\":1,\"name\":\"UQAM\",\"item\":\"https:\\\/\\\/uqam.ca\"},{\"@type\":\"ListItem\",\"position\":2,\"name\":\"CRISE\",\"item\":\"https:\\\/\\\/crise.ca\\\/en\\\/\"},{\"@type\":\"ListItem\",\"position\":3,\"name\":\"Resources\"}]},{\"@type\":\"WebSite\",\"@id\":\"https:\\\/\\\/crise.ca\\\/en\\\/#website\",\"url\":\"https:\\\/\\\/crise.ca\\\/en\\\/\",\"name\":\"CRISE\",\"description\":\"Centre de recherche en pr\u00e9vention du suicide situ\u00e9 \u00e0 l&#039;Universit\u00e9 du Qu\u00e9bec \u00e0 Montr\u00e9al\",\"potentialAction\":[{\"@type\":\"SearchAction\",\"target\":{\"@type\":\"EntryPoint\",\"urlTemplate\":\"https:\\\/\\\/crise.ca\\\/en\\\/?s={search_term_string}\"},\"query-input\":{\"@type\":\"PropertyValueSpecification\",\"valueRequired\":true,\"valueName\":\"search_term_string\"}}],\"inLanguage\":\"en-CA\"}]}<\/script>\n<!-- \/ Yoast SEO plugin. -->","yoast_head_json":{"title":"Resources - CRISE - UQAM","description":"CRISE Documentation centre, database on suicide prevention and end-of-life practices, Summer institutes, CRISE webinars, and associated websites.","robots":{"index":"index","follow":"follow","max-snippet":"max-snippet:-1","max-image-preview":"max-image-preview:large","max-video-preview":"max-video-preview:-1"},"canonical":"https:\/\/crise.ca\/en\/resources\/","og_locale":"en_US","og_type":"article","og_title":"Resources - CRISE - UQAM","og_description":"CRISE Documentation centre, database on suicide prevention and end-of-life practices, Summer institutes, CRISE webinars, and associated websites.","og_url":"https:\/\/crise.ca\/en\/resources\/","og_site_name":"CRISE","article_modified_time":"2019-08-13T19:06:30+00:00","twitter_card":"summary_large_image","schema":{"@context":"https:\/\/schema.org","@graph":[{"@type":"WebPage","@id":"https:\/\/crise.ca\/en\/resources\/","url":"https:\/\/crise.ca\/en\/resources\/","name":"Resources - CRISE - UQAM","isPartOf":{"@id":"https:\/\/crise.ca\/en\/#website"},"datePublished":"2019-04-24T15:58:32+00:00","dateModified":"2019-08-13T19:06:30+00:00","description":"CRISE Documentation centre, database on suicide prevention and end-of-life practices, Summer institutes, CRISE webinars, and associated websites.","breadcrumb":{"@id":"https:\/\/crise.ca\/en\/resources\/#breadcrumb"},"inLanguage":"en-CA","potentialAction":[{"@type":"ReadAction","target":["https:\/\/crise.ca\/en\/resources\/"]}]},{"@type":"BreadcrumbList","@id":"https:\/\/crise.ca\/en\/resources\/#breadcrumb","itemListElement":[{"@type":"ListItem","position":1,"name":"UQAM","item":"https:\/\/uqam.ca"},{"@type":"ListItem","position":2,"name":"CRISE","item":"https:\/\/crise.ca\/en\/"},{"@type":"ListItem","position":3,"name":"Resources"}]},{"@type":"WebSite","@id":"https:\/\/crise.ca\/en\/#website","url":"https:\/\/crise.ca\/en\/","name":"CRISE","description":"Centre de recherche en pr\u00e9vention du suicide situ\u00e9 \u00e0 l&#039;Universit\u00e9 du Qu\u00e9bec \u00e0 Montr\u00e9al","potentialAction":[{"@type":"SearchAction","target":{"@type":"EntryPoint","urlTemplate":"https:\/\/crise.ca\/en\/?s={search_term_string}"},"query-input":{"@type":"PropertyValueSpecification","valueRequired":true,"valueName":"search_term_string"}}],"inLanguage":"en-CA"}]}},"_links":{"self":[{"href":"https:\/\/crise.ca\/en\/wp-json\/wp\/v2\/pages\/1555","targetHints":{"allow":["GET"]}}],"collection":[{"href":"https:\/\/crise.ca\/en\/wp-json\/wp\/v2\/pages"}],"about":[{"href":"https:\/\/crise.ca\/en\/wp-json\/wp\/v2\/types\/page"}],"author":[{"embeddable":true,"href":"https:\/\/crise.ca\/en\/wp-json\/wp\/v2\/users\/1"}],"replies":[{"embeddable":true,"href":"https:\/\/crise.ca\/en\/wp-json\/wp\/v2\/comments?post=1555"}],"version-history":[{"count":2,"href":"https:\/\/crise.ca\/en\/wp-json\/wp\/v2\/pages\/1555\/revisions"}],"predecessor-version":[{"id":1841,"href":"https:\/\/crise.ca\/en\/wp-json\/wp\/v2\/pages\/1555\/revisions\/1841"}],"wp:attachment":[{"href":"https:\/\/crise.ca\/en\/wp-json\/wp\/v2\/media?parent=1555"}],"curies":[{"name":"wp","href":"https:\/\/api.w.org\/{rel}","templated":true}]}}