{"id":1549,"date":"2019-04-24T11:51:32","date_gmt":"2019-04-24T15:51:32","guid":{"rendered":"https:\/\/wwd-crise.uqam.ca\/?page_id=1549"},"modified":"2021-10-26T11:50:19","modified_gmt":"2021-10-26T15:50:19","slug":"need-help","status":"publish","type":"page","link":"https:\/\/crise.ca\/en\/need-help\/","title":{"rendered":"Need help?"},"content":{"rendered":"\n<p>If you are feeling distressed or suicidal, if you are bereaved by suicide or if you know someone who is thinking about suicide, please consult one of the following resources.<\/p>\n\n\n\n<p><strong>Province of Quebec<\/strong><\/p>\n\n\n\n<p><a href=\"https:\/\/suicide.ca\/en\">suicide.ca<\/a><br>1-866-APPELLE<br>(1-866-277-3553)<br><a href=\"https:\/\/rcpsq.org\/bottin-des-cps\/\">https:\/\/rcpsq.org\/bottin-des-cps\/<\/a><\/p>\n\n\n\n<p><strong>Rest of Canada:<\/strong><br>1-833-456-4566<br><a href=\"http:\/\/www.crisisservicescanada.ca\/\">http:\/\/www.crisisservicescanada.ca\/<\/a><\/p>\n\n\n\n<p><strong>United States<\/strong><br>National Hopeline Network<br>1-800-273-TALK<br>(1-800-273-8255)<\/p>\n\n\n\n<p><strong>Other countries:<\/strong> please visit the website of the International Association for Suicide Prevention<br><a href=\"https:\/\/www.iasp.info\/resources\/Crisis_Centres\/\">https:\/\/www.iasp.info\/resources\/Crisis_Centres\/<\/a><\/p>\n","protected":false},"excerpt":{"rendered":"<p>If you are feeling distressed or suicidal, if you are bereaved by suicide or if you know someone who is thinking about suicide, please consult one of the following resources. Province of Quebec suicide.ca1-866-APPELLE(1-866-277-3553)https:\/\/rcpsq.org\/bottin-des-cps\/ Rest of Canada:1-833-456-4566http:\/\/www.crisisservicescanada.ca\/ United StatesNational Hopeline Network1-800-273-TALK(1-800-273-8255) Other countries: please visit the website of the International Association for Suicide Preventionhttps:\/\/www.iasp.info\/resources\/Crisis_Centres\/<\/p>\n","protected":false},"author":1,"featured_media":0,"parent":0,"menu_order":0,"comment_status":"closed","ping_status":"closed","template":"","meta":{"_acf_changed":false,"om_disable_all_campaigns":false,"_monsterinsights_skip_tracking":false,"_monsterinsights_sitenote_active":false,"_monsterinsights_sitenote_note":"","_monsterinsights_sitenote_category":0,"_uf_show_specific_survey":0,"_uf_disable_surveys":false,"footnotes":""},"class_list":["post-1549","page","type-page","status-publish","hentry"],"acf":[],"yoast_head":"<!-- This site is optimized with the Yoast SEO plugin v27.5 - https:\/\/yoast.com\/product\/yoast-seo-wordpress\/ -->\n<title>Need help? - CRISE - UQAM<\/title>\n<meta name=\"robots\" content=\"index, follow, max-snippet:-1, max-image-preview:large, max-video-preview:-1\" \/>\n<link rel=\"canonical\" href=\"https:\/\/crise.ca\/en\/need-help\/\" \/>\n<meta property=\"og:locale\" content=\"en_US\" \/>\n<meta property=\"og:type\" content=\"article\" \/>\n<meta property=\"og:title\" content=\"Need help? - CRISE - UQAM\" \/>\n<meta property=\"og:description\" content=\"If you are feeling distressed or suicidal, if you are bereaved by suicide or if you know someone who is thinking about suicide, please consult one of the following resources. Province of Quebec suicide.ca1-866-APPELLE(1-866-277-3553)https:\/\/rcpsq.org\/bottin-des-cps\/ Rest of Canada:1-833-456-4566http:\/\/www.crisisservicescanada.ca\/ United StatesNational Hopeline Network1-800-273-TALK(1-800-273-8255) Other countries: please visit the website of the International Association for Suicide Preventionhttps:\/\/www.iasp.info\/resources\/Crisis_Centres\/\" \/>\n<meta property=\"og:url\" content=\"https:\/\/crise.ca\/en\/need-help\/\" \/>\n<meta property=\"og:site_name\" content=\"CRISE\" \/>\n<meta property=\"article:modified_time\" content=\"2021-10-26T15:50:19+00:00\" \/>\n<meta name=\"twitter:card\" content=\"summary_large_image\" \/>\n<meta name=\"twitter:label1\" content=\"Est. reading time\" \/>\n\t<meta name=\"twitter:data1\" content=\"1 minute\" \/>\n<script type=\"application\/ld+json\" class=\"yoast-schema-graph\">{\"@context\":\"https:\\\/\\\/schema.org\",\"@graph\":[{\"@type\":\"WebPage\",\"@id\":\"https:\\\/\\\/crise.ca\\\/en\\\/need-help\\\/\",\"url\":\"https:\\\/\\\/crise.ca\\\/en\\\/need-help\\\/\",\"name\":\"Need help? - CRISE - UQAM\",\"isPartOf\":{\"@id\":\"https:\\\/\\\/crise.ca\\\/en\\\/#website\"},\"datePublished\":\"2019-04-24T15:51:32+00:00\",\"dateModified\":\"2021-10-26T15:50:19+00:00\",\"breadcrumb\":{\"@id\":\"https:\\\/\\\/crise.ca\\\/en\\\/need-help\\\/#breadcrumb\"},\"inLanguage\":\"en-CA\",\"potentialAction\":[{\"@type\":\"ReadAction\",\"target\":[\"https:\\\/\\\/crise.ca\\\/en\\\/need-help\\\/\"]}]},{\"@type\":\"BreadcrumbList\",\"@id\":\"https:\\\/\\\/crise.ca\\\/en\\\/need-help\\\/#breadcrumb\",\"itemListElement\":[{\"@type\":\"ListItem\",\"position\":1,\"name\":\"UQAM\",\"item\":\"https:\\\/\\\/uqam.ca\"},{\"@type\":\"ListItem\",\"position\":2,\"name\":\"CRISE\",\"item\":\"https:\\\/\\\/crise.ca\\\/en\\\/\"},{\"@type\":\"ListItem\",\"position\":3,\"name\":\"Need help?\"}]},{\"@type\":\"WebSite\",\"@id\":\"https:\\\/\\\/crise.ca\\\/en\\\/#website\",\"url\":\"https:\\\/\\\/crise.ca\\\/en\\\/\",\"name\":\"CRISE\",\"description\":\"Centre de recherche en pr\u00e9vention du suicide situ\u00e9 \u00e0 l&#039;Universit\u00e9 du Qu\u00e9bec \u00e0 Montr\u00e9al\",\"potentialAction\":[{\"@type\":\"SearchAction\",\"target\":{\"@type\":\"EntryPoint\",\"urlTemplate\":\"https:\\\/\\\/crise.ca\\\/en\\\/?s={search_term_string}\"},\"query-input\":{\"@type\":\"PropertyValueSpecification\",\"valueRequired\":true,\"valueName\":\"search_term_string\"}}],\"inLanguage\":\"en-CA\"}]}<\/script>\n<!-- \/ Yoast SEO plugin. -->","yoast_head_json":{"title":"Need help? - CRISE - UQAM","robots":{"index":"index","follow":"follow","max-snippet":"max-snippet:-1","max-image-preview":"max-image-preview:large","max-video-preview":"max-video-preview:-1"},"canonical":"https:\/\/crise.ca\/en\/need-help\/","og_locale":"en_US","og_type":"article","og_title":"Need help? - CRISE - UQAM","og_description":"If you are feeling distressed or suicidal, if you are bereaved by suicide or if you know someone who is thinking about suicide, please consult one of the following resources. Province of Quebec suicide.ca1-866-APPELLE(1-866-277-3553)https:\/\/rcpsq.org\/bottin-des-cps\/ Rest of Canada:1-833-456-4566http:\/\/www.crisisservicescanada.ca\/ United StatesNational Hopeline Network1-800-273-TALK(1-800-273-8255) Other countries: please visit the website of the International Association for Suicide Preventionhttps:\/\/www.iasp.info\/resources\/Crisis_Centres\/","og_url":"https:\/\/crise.ca\/en\/need-help\/","og_site_name":"CRISE","article_modified_time":"2021-10-26T15:50:19+00:00","twitter_card":"summary_large_image","twitter_misc":{"Est. reading time":"1 minute"},"schema":{"@context":"https:\/\/schema.org","@graph":[{"@type":"WebPage","@id":"https:\/\/crise.ca\/en\/need-help\/","url":"https:\/\/crise.ca\/en\/need-help\/","name":"Need help? - CRISE - UQAM","isPartOf":{"@id":"https:\/\/crise.ca\/en\/#website"},"datePublished":"2019-04-24T15:51:32+00:00","dateModified":"2021-10-26T15:50:19+00:00","breadcrumb":{"@id":"https:\/\/crise.ca\/en\/need-help\/#breadcrumb"},"inLanguage":"en-CA","potentialAction":[{"@type":"ReadAction","target":["https:\/\/crise.ca\/en\/need-help\/"]}]},{"@type":"BreadcrumbList","@id":"https:\/\/crise.ca\/en\/need-help\/#breadcrumb","itemListElement":[{"@type":"ListItem","position":1,"name":"UQAM","item":"https:\/\/uqam.ca"},{"@type":"ListItem","position":2,"name":"CRISE","item":"https:\/\/crise.ca\/en\/"},{"@type":"ListItem","position":3,"name":"Need help?"}]},{"@type":"WebSite","@id":"https:\/\/crise.ca\/en\/#website","url":"https:\/\/crise.ca\/en\/","name":"CRISE","description":"Centre de recherche en pr\u00e9vention du suicide situ\u00e9 \u00e0 l&#039;Universit\u00e9 du Qu\u00e9bec \u00e0 Montr\u00e9al","potentialAction":[{"@type":"SearchAction","target":{"@type":"EntryPoint","urlTemplate":"https:\/\/crise.ca\/en\/?s={search_term_string}"},"query-input":{"@type":"PropertyValueSpecification","valueRequired":true,"valueName":"search_term_string"}}],"inLanguage":"en-CA"}]}},"_links":{"self":[{"href":"https:\/\/crise.ca\/en\/wp-json\/wp\/v2\/pages\/1549","targetHints":{"allow":["GET"]}}],"collection":[{"href":"https:\/\/crise.ca\/en\/wp-json\/wp\/v2\/pages"}],"about":[{"href":"https:\/\/crise.ca\/en\/wp-json\/wp\/v2\/types\/page"}],"author":[{"embeddable":true,"href":"https:\/\/crise.ca\/en\/wp-json\/wp\/v2\/users\/1"}],"replies":[{"embeddable":true,"href":"https:\/\/crise.ca\/en\/wp-json\/wp\/v2\/comments?post=1549"}],"version-history":[{"count":6,"href":"https:\/\/crise.ca\/en\/wp-json\/wp\/v2\/pages\/1549\/revisions"}],"predecessor-version":[{"id":5522,"href":"https:\/\/crise.ca\/en\/wp-json\/wp\/v2\/pages\/1549\/revisions\/5522"}],"wp:attachment":[{"href":"https:\/\/crise.ca\/en\/wp-json\/wp\/v2\/media?parent=1549"}],"curies":[{"name":"wp","href":"https:\/\/api.w.org\/{rel}","templated":true}]}}