{"id":1500,"date":"2019-04-16T16:28:15","date_gmt":"2019-04-16T20:28:15","guid":{"rendered":"https:\/\/wwd-crise.uqam.ca\/?page_id=1500"},"modified":"2022-06-13T10:31:21","modified_gmt":"2022-06-13T14:31:21","slug":"press-review","status":"publish","type":"page","link":"https:\/\/crise.ca\/en\/the-crise\/press-review\/","title":{"rendered":"Press review"},"content":{"rendered":"\n<h2 class=\"wp-block-heading\"><a href=\"https:\/\/medicalxpress.com\/news\/2022-06-grief-died.html\" target=\"_blank\" rel=\"noreferrer noopener\">Does grief depend on how the loved one died?<\/a><\/h2>\n\n\n\n<ul class=\"wp-block-list\"><li>Expertise byPhilippe Laperle<\/li><li>MedicalXpress, June 9, 2022<\/li><\/ul>\n\n\n\n<h2 class=\"wp-block-heading\"><a href=\"https:\/\/healthydebate.ca\/2022\/05\/topic\/maid-mental-illness\/?fbclid=IwAR06T6ZNgBIq8aw7lVyiDdUbgIh3ORuyXVluwbqlCWMjxO7CgN74aAR-d0k\" target=\"_blank\" rel=\"noreferrer noopener\">The right to die: Should MAiD apply to those whose sole condition is mental illness?<\/a><\/h2>\n\n\n\n<ul class=\"wp-block-list\"><li>Expertise by <a href=\"http:\/\/crise.ca\/membre\/georgia-vrakas\/\">Georgia Vrakas<\/a>, PhD<\/li><li>Healthy Debate, May 24, 2022<\/li><\/ul>\n\n\n\n<h2 class=\"wp-block-heading\"><a href=\"https:\/\/globalnews.ca\/news\/7884676\/medical-assistance-in-dying-should-not-be-extended-to-patients-with-mental-illness-expert\/?fbclid=IwAR0t8HxTPl3hAJgVXu01_bYrlCgxpusVvPe3qz8tJD7fHn9rNn-TAx1zlvs\" target=\"_blank\" rel=\"noreferrer noopener\">Medical assistance in dying should not be extended to patients with mental illness: expert<\/a><\/h2>\n\n\n\n<ul class=\"wp-block-list\"><li>Expertise by Georgia Vrakas, PhD<\/li><li>Global News, May 21, 2021<\/li><\/ul>\n\n\n\n<h2 class=\"wp-block-heading\"><a href=\"https:\/\/www.cbc.ca\/news\/canada\/montreal\/out-of-the-dark-regions-youth-mental-health-1.5894060\" target=\"_blank\" rel=\"noreferrer noopener\">COVID-19&#8217;s effect on mental health in the regions, through the eyes of a small-town Gasp\u00e9 psychologist<\/a><\/h2>\n\n\n\n<ul class=\"wp-block-list\"><li>Expertise by Georgia Vrakas, PhD<\/li><li>CBC News, Jan. 31, 2021<\/li><\/ul>\n\n\n\n<h2 class=\"wp-block-heading\"><a href=\"https:\/\/thecanadian.news\/2021\/01\/24\/being-a-teenager-in-times-of-pandemic\/\" target=\"_blank\" rel=\"noreferrer noopener\">Being a teenager in times of pandemic&#8230;<\/a><\/h2>\n\n\n\n<ul class=\"wp-block-list\"><li>Expertise by Christine Genest, PhD, and Jessica Rassy, PhD<\/li><li>The Canadian, Jan. 24, 2021<\/li><\/ul>\n\n\n\n<h2 class=\"wp-block-heading\"><a href=\"https:\/\/ab.co\/2IdOhKI\">CCTV footage is being used to study suicide, raising ethical concerns <\/a><\/h2>\n\n\n\n<ul class=\"wp-block-list\"><li>Expertise by Brian Mishara, PhD<\/li><li>ABC News Australia, Feb. 29, 2020<\/li><\/ul>\n\n\n\n<h2 class=\"wp-block-heading\"><a href=\"https:\/\/montrealgazette.com\/opinion\/opinion-maid-should-not-be-offered-to-people-with-mental-illness\" target=\"_blank\" rel=\"noreferrer noopener\" aria-label=\"Opinion: MAID should not be offered to people with mental illness (opens in a new tab)\">Opinion: MAID should not be offered to people with mental illness<\/a><\/h2>\n\n\n\n<ul class=\"wp-block-list\"><li>Expertise and opinion by Georgia Vrakas, PhD<\/li><li>Montreal Gazette, Feb. 18, 2020<\/li><\/ul>\n\n\n\n<h2 class=\"wp-block-heading\"><a href=\"https:\/\/montrealgazette.com\/opinion\/opinion-ruling-on-assisted-dying-opens-a-pandoras-box\" target=\"_blank\" rel=\"noreferrer noopener\" aria-label=\"Opinion: Ruling on assisted dying opens a Pandora's box (opens in a new tab)\">Opinion: Ruling on assisted dying opens a Pandora&#8217;s box<\/a> <\/h2>\n\n\n\n<h4 class=\"wp-block-heading\">We must ensure we do everything we can to help people with psychiatric disorders live better lives rather than offering better ways of dying. <\/h4>\n\n\n<ul>\n<li>Expertise and opinion by Georgia Vrakas, PhD<\/li>\n<li>Montreal Gazette,&nbsp;Oct. 14, 2019<\/li>\n<\/ul>\n\n\n<h2 class=\"wp-block-heading\"><a href=\"https:\/\/www.theatlantic.com\/health\/archive\/2019\/09\/suicide-prevention-hotline-988\/598588\/\" target=\"_blank\" rel=\"noreferrer noopener\" aria-label=\"Can Three Numbers Stem the Tide of American Suicides? (opens in a new tab)\">Can Three Numbers Stem the Tide of American Suicides?<\/a><\/h2>\n\n\n\n<h4 class=\"wp-block-heading\">A simple phone-line change is poised to put millions more people in touch with sympathetic strangers.<\/h4>\n\n\n\n<ul class=\"wp-block-list\"><li>Expertise by Brian Mishara, PhD<\/li><li>The Atlantic, Sept. 23, 2019<\/li><\/ul>\n\n\n\n<h2 class=\"wp-block-heading\"><a href=\"https:\/\/www.cbc.ca\/player\/play\/1601146435545\" target=\"_blank\" rel=\"noreferrer noopener\" aria-label=\"Suicide prevention across Quebec and Nunavik (opens in a new tab)\">Suicide prevention across Quebec and Nunavik<\/a><\/h2>\n\n\n\n<h4 class=\"wp-block-heading\">A coalition representing mental health advocates and First Nations groups want the provincial government to implement a new suicide prevention strategy.<\/h4>\n\n\n\n<ul class=\"wp-block-list\"><li>Expertise by Brian Mishara, PhD<\/li><li>CBC Radio One, Homerun<\/li><\/ul>\n","protected":false},"excerpt":{"rendered":"<p>Does grief depend on how the loved one died? Expertise byPhilippe Laperle MedicalXpress, June 9, 2022 The right to die: Should MAiD apply to those whose sole condition is mental illness? Expertise by Georgia Vrakas, PhD Healthy Debate, May 24, 2022 Medical assistance in dying should not be extended to patients with mental illness: expert [&hellip;]<\/p>\n","protected":false},"author":1,"featured_media":0,"parent":1477,"menu_order":0,"comment_status":"closed","ping_status":"closed","template":"","meta":{"_acf_changed":false,"om_disable_all_campaigns":false,"_monsterinsights_skip_tracking":false,"_monsterinsights_sitenote_active":false,"_monsterinsights_sitenote_note":"","_monsterinsights_sitenote_category":0,"_uf_show_specific_survey":0,"_uf_disable_surveys":false,"footnotes":""},"class_list":["post-1500","page","type-page","status-publish","hentry"],"acf":[],"yoast_head":"<!-- This site is optimized with the Yoast SEO plugin v27.4 - https:\/\/yoast.com\/product\/yoast-seo-wordpress\/ -->\n<title>Press review - CRISE - UQAM<\/title>\n<meta name=\"robots\" content=\"index, follow, max-snippet:-1, max-image-preview:large, max-video-preview:-1\" \/>\n<link rel=\"canonical\" href=\"https:\/\/crise.ca\/en\/the-crise\/press-review\/\" \/>\n<meta property=\"og:locale\" content=\"en_US\" \/>\n<meta property=\"og:type\" content=\"article\" \/>\n<meta property=\"og:title\" content=\"Press review - CRISE - UQAM\" \/>\n<meta property=\"og:description\" content=\"Does grief depend on how the loved one died? Expertise byPhilippe Laperle MedicalXpress, June 9, 2022 The right to die: Should MAiD apply to those whose sole condition is mental illness? Expertise by Georgia Vrakas, PhD Healthy Debate, May 24, 2022 Medical assistance in dying should not be extended to patients with mental illness: expert [&hellip;]\" \/>\n<meta property=\"og:url\" content=\"https:\/\/crise.ca\/en\/the-crise\/press-review\/\" \/>\n<meta property=\"og:site_name\" content=\"CRISE\" \/>\n<meta property=\"article:modified_time\" content=\"2022-06-13T14:31:21+00:00\" \/>\n<meta name=\"twitter:card\" content=\"summary_large_image\" \/>\n<meta name=\"twitter:label1\" content=\"Est. reading time\" \/>\n\t<meta name=\"twitter:data1\" content=\"2 minutes\" \/>\n<script type=\"application\/ld+json\" class=\"yoast-schema-graph\">{\"@context\":\"https:\\\/\\\/schema.org\",\"@graph\":[{\"@type\":\"WebPage\",\"@id\":\"https:\\\/\\\/crise.ca\\\/en\\\/the-crise\\\/press-review\\\/\",\"url\":\"https:\\\/\\\/crise.ca\\\/en\\\/the-crise\\\/press-review\\\/\",\"name\":\"Press review - CRISE - UQAM\",\"isPartOf\":{\"@id\":\"https:\\\/\\\/crise.ca\\\/en\\\/#website\"},\"datePublished\":\"2019-04-16T20:28:15+00:00\",\"dateModified\":\"2022-06-13T14:31:21+00:00\",\"breadcrumb\":{\"@id\":\"https:\\\/\\\/crise.ca\\\/en\\\/the-crise\\\/press-review\\\/#breadcrumb\"},\"inLanguage\":\"en-CA\",\"potentialAction\":[{\"@type\":\"ReadAction\",\"target\":[\"https:\\\/\\\/crise.ca\\\/en\\\/the-crise\\\/press-review\\\/\"]}]},{\"@type\":\"BreadcrumbList\",\"@id\":\"https:\\\/\\\/crise.ca\\\/en\\\/the-crise\\\/press-review\\\/#breadcrumb\",\"itemListElement\":[{\"@type\":\"ListItem\",\"position\":1,\"name\":\"UQAM\",\"item\":\"https:\\\/\\\/uqam.ca\"},{\"@type\":\"ListItem\",\"position\":2,\"name\":\"CRISE\",\"item\":\"https:\\\/\\\/crise.ca\\\/en\\\/\"},{\"@type\":\"ListItem\",\"position\":3,\"name\":\"The CRISE\",\"item\":\"https:\\\/\\\/crise.ca\\\/en\\\/the-crise\\\/\"},{\"@type\":\"ListItem\",\"position\":4,\"name\":\"Press review\"}]},{\"@type\":\"WebSite\",\"@id\":\"https:\\\/\\\/crise.ca\\\/en\\\/#website\",\"url\":\"https:\\\/\\\/crise.ca\\\/en\\\/\",\"name\":\"CRISE\",\"description\":\"Centre de recherche en pr\u00e9vention du suicide situ\u00e9 \u00e0 l&#039;Universit\u00e9 du Qu\u00e9bec \u00e0 Montr\u00e9al\",\"potentialAction\":[{\"@type\":\"SearchAction\",\"target\":{\"@type\":\"EntryPoint\",\"urlTemplate\":\"https:\\\/\\\/crise.ca\\\/en\\\/?s={search_term_string}\"},\"query-input\":{\"@type\":\"PropertyValueSpecification\",\"valueRequired\":true,\"valueName\":\"search_term_string\"}}],\"inLanguage\":\"en-CA\"}]}<\/script>\n<!-- \/ Yoast SEO plugin. -->","yoast_head_json":{"title":"Press review - CRISE - UQAM","robots":{"index":"index","follow":"follow","max-snippet":"max-snippet:-1","max-image-preview":"max-image-preview:large","max-video-preview":"max-video-preview:-1"},"canonical":"https:\/\/crise.ca\/en\/the-crise\/press-review\/","og_locale":"en_US","og_type":"article","og_title":"Press review - CRISE - UQAM","og_description":"Does grief depend on how the loved one died? Expertise byPhilippe Laperle MedicalXpress, June 9, 2022 The right to die: Should MAiD apply to those whose sole condition is mental illness? Expertise by Georgia Vrakas, PhD Healthy Debate, May 24, 2022 Medical assistance in dying should not be extended to patients with mental illness: expert [&hellip;]","og_url":"https:\/\/crise.ca\/en\/the-crise\/press-review\/","og_site_name":"CRISE","article_modified_time":"2022-06-13T14:31:21+00:00","twitter_card":"summary_large_image","twitter_misc":{"Est. reading time":"2 minutes"},"schema":{"@context":"https:\/\/schema.org","@graph":[{"@type":"WebPage","@id":"https:\/\/crise.ca\/en\/the-crise\/press-review\/","url":"https:\/\/crise.ca\/en\/the-crise\/press-review\/","name":"Press review - CRISE - UQAM","isPartOf":{"@id":"https:\/\/crise.ca\/en\/#website"},"datePublished":"2019-04-16T20:28:15+00:00","dateModified":"2022-06-13T14:31:21+00:00","breadcrumb":{"@id":"https:\/\/crise.ca\/en\/the-crise\/press-review\/#breadcrumb"},"inLanguage":"en-CA","potentialAction":[{"@type":"ReadAction","target":["https:\/\/crise.ca\/en\/the-crise\/press-review\/"]}]},{"@type":"BreadcrumbList","@id":"https:\/\/crise.ca\/en\/the-crise\/press-review\/#breadcrumb","itemListElement":[{"@type":"ListItem","position":1,"name":"UQAM","item":"https:\/\/uqam.ca"},{"@type":"ListItem","position":2,"name":"CRISE","item":"https:\/\/crise.ca\/en\/"},{"@type":"ListItem","position":3,"name":"The CRISE","item":"https:\/\/crise.ca\/en\/the-crise\/"},{"@type":"ListItem","position":4,"name":"Press review"}]},{"@type":"WebSite","@id":"https:\/\/crise.ca\/en\/#website","url":"https:\/\/crise.ca\/en\/","name":"CRISE","description":"Centre de recherche en pr\u00e9vention du suicide situ\u00e9 \u00e0 l&#039;Universit\u00e9 du Qu\u00e9bec \u00e0 Montr\u00e9al","potentialAction":[{"@type":"SearchAction","target":{"@type":"EntryPoint","urlTemplate":"https:\/\/crise.ca\/en\/?s={search_term_string}"},"query-input":{"@type":"PropertyValueSpecification","valueRequired":true,"valueName":"search_term_string"}}],"inLanguage":"en-CA"}]}},"_links":{"self":[{"href":"https:\/\/crise.ca\/en\/wp-json\/wp\/v2\/pages\/1500","targetHints":{"allow":["GET"]}}],"collection":[{"href":"https:\/\/crise.ca\/en\/wp-json\/wp\/v2\/pages"}],"about":[{"href":"https:\/\/crise.ca\/en\/wp-json\/wp\/v2\/types\/page"}],"author":[{"embeddable":true,"href":"https:\/\/crise.ca\/en\/wp-json\/wp\/v2\/users\/1"}],"replies":[{"embeddable":true,"href":"https:\/\/crise.ca\/en\/wp-json\/wp\/v2\/comments?post=1500"}],"version-history":[{"count":19,"href":"https:\/\/crise.ca\/en\/wp-json\/wp\/v2\/pages\/1500\/revisions"}],"predecessor-version":[{"id":6750,"href":"https:\/\/crise.ca\/en\/wp-json\/wp\/v2\/pages\/1500\/revisions\/6750"}],"up":[{"embeddable":true,"href":"https:\/\/crise.ca\/en\/wp-json\/wp\/v2\/pages\/1477"}],"wp:attachment":[{"href":"https:\/\/crise.ca\/en\/wp-json\/wp\/v2\/media?parent=1500"}],"curies":[{"name":"wp","href":"https:\/\/api.w.org\/{rel}","templated":true}]}}