{"id":1494,"date":"2019-03-05T09:59:06","date_gmt":"2019-03-05T14:59:06","guid":{"rendered":"https:\/\/wwd-crise.uqam.ca\/?page_id=1494"},"modified":"2020-03-06T13:49:22","modified_gmt":"2020-03-06T18:49:22","slug":"our-partners","status":"publish","type":"page","link":"https:\/\/crise.ca\/en\/the-crise\/our-partners\/","title":{"rendered":"Our financial partners"},"content":{"rendered":"\n<p>CRISE contributes to the development of knowledge on suicide and end-of-life pratices, thanks to the close collaboration of its research partners. The Centre\u2019s wide-ranging work is also made possible by the support of its financial partners. CRISE salutes the commitment of all of its partners: <\/p>\n\n\n<div class=\"row mt-3 mb-3\">\n<div class=\"col-md-4 text-center mb-2\">\n<figure class=\"align-content-center is-resized\"><a href=\"http:\/\/www.cihr-irsc.gc.ca\/e\/193.html\"><img loading=\"lazy\" decoding=\"async\" class=\"aligncenter wp-image-39\" src=\"https:\/\/crise.ca\/wp-content\/uploads\/2019\/03\/cihr.jpg\" alt=\"Logo de l'Institut de recherche en sant\u00e9 du Canada\" width=\"150\" height=\"93\" \/><img loading=\"lazy\" decoding=\"async\" class=\"size-medium wp-image-2543 aligncenter\" src=\"https:\/\/crise.ca\/wp-content\/uploads\/2019\/10\/MHCC-CSMC-300x113.png\" alt=\"\" width=\"300\" height=\"113\" srcset=\"https:\/\/crise.ca\/wp-content\/uploads\/2019\/10\/MHCC-CSMC-300x113.png 300w, https:\/\/crise.ca\/wp-content\/uploads\/2019\/10\/MHCC-CSMC.png 365w\" sizes=\"auto, (max-width: 300px) 100vw, 300px\" \/><\/a><\/figure>\n<\/div>\n<div class=\"col-md-4 text-center mb-2\">\n<figure class=\"aligncenter\"><a href=\"https:\/\/www.msss.gouv.qc.ca\/en\/\"><img loading=\"lazy\" decoding=\"async\" width=\"150\" height=\"52\" class=\"wp-image-41 aligncenter\" src=\"https:\/\/crise.ca\/wp-content\/uploads\/2019\/03\/msss.jpg\" alt=\"Logo Minist\u00e8re de la Sant\u00e9 et Services sociaux\" \/><\/a><\/figure>\n<\/div>\n<div class=\"col-md-4 text-center mb-2\">\n<figure class=\"aligncenter\"><a href=\"http:\/\/www.frqsc.gouv.qc.ca\/en\/accueil\"><img loading=\"lazy\" decoding=\"async\" width=\"150\" height=\"56\" class=\"wp-image-43 aligncenter\" src=\"https:\/\/crise.ca\/wp-content\/uploads\/2019\/03\/frscq.jpg\" alt=\"Logo Minist\u00e8re des Fonds de recherche sur la soci\u00e9t\u00e9 et la culture\" \/><\/a><\/figure>\n<\/div>\n<\/div>\n<div class=\"row mb-3\">\n<div class=\"col-md-4 text-center mb-2\">\n<div class=\"wp-block-image align-middle\">\n<figure class=\"aligncenter\"><a href=\"https:\/\/www.economie.gouv.qc.ca\/ministere\/english\/about-us\/\"><img loading=\"lazy\" decoding=\"async\" class=\"wp-image-54 aligncenter\" src=\"https:\/\/crise.ca\/wp-content\/uploads\/2019\/03\/MEIE_-Avril_2014.jpg\" alt=\"Logo Minist\u00e8re de l'\u00c9conomie, Innovation et Exportation\" width=\"150\" height=\"65\" srcset=\"https:\/\/crise.ca\/wp-content\/uploads\/2019\/03\/MEIE_-Avril_2014.jpg 442w, https:\/\/crise.ca\/wp-content\/uploads\/2019\/03\/MEIE_-Avril_2014-300x130.jpg 300w\" sizes=\"auto, (max-width: 150px) 100vw, 150px\" \/><\/a><\/figure>\n<\/div>\n<\/div>\n<div class=\"col-md-4 text-center mb-2\">\n<div class=\"wp-block-image align-middle\">\n<figure class=\"aligncenter is-resized\"><a href=\"http:\/\/www.teamstersrail.ca\/\"><img loading=\"lazy\" decoding=\"async\" class=\"wp-image-49 aligncenter\" src=\"https:\/\/crise.ca\/wp-content\/uploads\/2019\/03\/Teamsters-300x300.jpg\" alt=\"Logo Teamsters rail\" width=\"150\" height=\"150\" srcset=\"https:\/\/crise.ca\/wp-content\/uploads\/2019\/03\/Teamsters-300x300.jpg 300w, https:\/\/crise.ca\/wp-content\/uploads\/2019\/03\/Teamsters-150x150.jpg 150w, https:\/\/crise.ca\/wp-content\/uploads\/2019\/03\/Teamsters-768x768.jpg 768w, https:\/\/crise.ca\/wp-content\/uploads\/2019\/03\/Teamsters.jpg 934w\" sizes=\"auto, (max-width: 150px) 100vw, 150px\" \/><\/a><\/figure>\n<\/div>\n<\/div>\n<div class=\"col-md-4 text-center mb-2\">\n<div class=\"wp-block-image align-middle\">\n<figure class=\"aligncenter is-resized\"><a href=\"https:\/\/www.viarail.ca\/en\"><img loading=\"lazy\" decoding=\"async\" class=\"wp-image-51 aligncenter\" src=\"https:\/\/crise.ca\/wp-content\/uploads\/2019\/03\/OFFICIAL_VIA_Rail_Logo.jpg\" alt=\"Logo Via Rail Canada\" width=\"150\" height=\"67\" \/><\/a><\/figure>\n<\/div>\n<\/div>\n<\/div>\n<div class=\"row mb-3\">\n<div class=\"col-md-4 text-center mb-2\">\n<figure class=\"aligncenter\"><a href=\"https:\/\/www.economie.gouv.qc.ca\/ministere\/english\/about-us\/\"><img loading=\"lazy\" decoding=\"async\" width=\"150\" height=\"59\" class=\"wp-image-46 aligncenter\" src=\"https:\/\/crise.ca\/wp-content\/uploads\/2019\/03\/mdeie.jpg\" alt=\"Logo D\u00e9veloppement \u00e9conomique, Innovation et Exportation\" \/><\/a><\/figure>\n<\/div>\n<div class=\"col-md-4 text-center mb-2\">\n<figure class=\"aligncenter is-resized\"><a href=\"http:\/\/stm.info\/en\"><img loading=\"lazy\" decoding=\"async\" class=\"wp-image-1719 aligncenter\" src=\"https:\/\/crise.ca\/wp-content\/uploads\/2019\/05\/ap_logostm_coulrvb-2.jpg\" alt=\"Logo Service Transport Montr\u00e9al\" width=\"150\" height=\"71\" srcset=\"https:\/\/crise.ca\/wp-content\/uploads\/2019\/05\/ap_logostm_coulrvb-2.jpg 618w, https:\/\/crise.ca\/wp-content\/uploads\/2019\/05\/ap_logostm_coulrvb-2-300x141.jpg 300w\" sizes=\"auto, (max-width: 150px) 100vw, 150px\" \/><\/a><\/figure>\n<\/div>\n<div class=\"col-md-4 text-center mb-2\">\n<figure class=\"aligncenter is-resized\"><a href=\"https:\/\/www.irsst.qc.ca\/en\/\"><img loading=\"lazy\" decoding=\"async\" class=\"wp-image-59 aligncenter\" src=\"https:\/\/crise.ca\/wp-content\/uploads\/2019\/03\/irsstCMYK.jpg\" alt=\"Logo de l'IRSST\" width=\"150\" height=\"95\" \/><\/a><\/figure>\n<\/div>\n<\/div>\n<div class=\"row\">\n<div class=\"col-md-4 text-center mb-2\">\n<figure class=\"wp-block-image\"><a href=\"https:\/\/uqam.ca\/\"><img loading=\"lazy\" decoding=\"async\" class=\"wp-image-62 aligncenter\" src=\"https:\/\/crise.ca\/wp-content\/uploads\/2019\/03\/lg-UQAM_denomination_coul-1024x211.jpg\" alt=\"Logo Universit\u00e9 du Qu\u00e9bec \u00e0 Montr\u00e9al\" width=\"300\" height=\"62\" srcset=\"https:\/\/crise.ca\/wp-content\/uploads\/2019\/03\/lg-UQAM_denomination_coul-1024x211.jpg 1024w, https:\/\/crise.ca\/wp-content\/uploads\/2019\/03\/lg-UQAM_denomination_coul-300x62.jpg 300w, https:\/\/crise.ca\/wp-content\/uploads\/2019\/03\/lg-UQAM_denomination_coul-768x158.jpg 768w, https:\/\/crise.ca\/wp-content\/uploads\/2019\/03\/lg-UQAM_denomination_coul.jpg 1199w\" sizes=\"auto, (max-width: 300px) 100vw, 300px\" \/><\/a><\/figure>\n<\/div>\n<div class=\"col-md-4 text-center mb-2\">\n<figure class=\"aligncenter\"><a href=\"https:\/\/www.canada.ca\/en\/public-health.html\"><img loading=\"lazy\" decoding=\"async\" class=\"wp-image-64 aligncenter\" src=\"https:\/\/crise.ca\/wp-content\/uploads\/2019\/03\/ASC.jpg\" alt=\"Logo Agence de sant\u00e9 publique du Canada\" width=\"300\" height=\"53\" srcset=\"https:\/\/crise.ca\/wp-content\/uploads\/2019\/03\/ASC.jpg 494w, https:\/\/crise.ca\/wp-content\/uploads\/2019\/03\/ASC-300x53.jpg 300w\" sizes=\"auto, (max-width: 300px) 100vw, 300px\" \/><\/a><\/figure>\n<\/div>\n<div class=\"col-md-4 text-center mb-2\">\n<figure class=\"aligncenter\"><a href=\"https:\/\/tc.gc.ca\/en\/transport-canada.html\"><img loading=\"lazy\" decoding=\"async\" class=\"wp-image-66 aligncenter\" src=\"https:\/\/crise.ca\/wp-content\/uploads\/2019\/03\/transport_canada.jpg\" alt=\"Logo Transport Canada\" width=\"300\" height=\"34\" srcset=\"https:\/\/crise.ca\/wp-content\/uploads\/2019\/03\/transport_canada.jpg 600w, https:\/\/crise.ca\/wp-content\/uploads\/2019\/03\/transport_canada-300x34.jpg 300w\" sizes=\"auto, (max-width: 300px) 100vw, 300px\" \/><\/a><\/figure>\n<p><a href=\"https:\/\/letstalk.bell.ca\/en\/\"><img loading=\"lazy\" decoding=\"async\" class=\"size-medium wp-image-2233 aligncenter\" src=\"https:\/\/crise.ca\/wp-content\/uploads\/2019\/10\/logo-of-the-bell-letstalk-day-300x90.jpg\" alt=\"\" width=\"300\" height=\"90\" srcset=\"https:\/\/crise.ca\/wp-content\/uploads\/2019\/10\/logo-of-the-bell-letstalk-day-300x90.jpg 300w, https:\/\/crise.ca\/wp-content\/uploads\/2019\/10\/logo-of-the-bell-letstalk-day-768x230.jpg 768w, https:\/\/crise.ca\/wp-content\/uploads\/2019\/10\/logo-of-the-bell-letstalk-day-1024x306.jpg 1024w, https:\/\/crise.ca\/wp-content\/uploads\/2019\/10\/logo-of-the-bell-letstalk-day.jpg 1200w\" sizes=\"auto, (max-width: 300px) 100vw, 300px\" \/><\/a><\/p>\n<p><img loading=\"lazy\" decoding=\"async\" class=\"alignnone size-medium wp-image-3281\" src=\"https:\/\/crise.ca\/wp-content\/uploads\/2020\/03\/Vibrant-1-300x240.png\" alt=\"\" width=\"300\" height=\"240\" srcset=\"https:\/\/crise.ca\/wp-content\/uploads\/2020\/03\/Vibrant-1-300x240.png 300w, https:\/\/crise.ca\/wp-content\/uploads\/2020\/03\/Vibrant-1-1024x819.png 1024w, https:\/\/crise.ca\/wp-content\/uploads\/2020\/03\/Vibrant-1-768x614.png 768w, https:\/\/crise.ca\/wp-content\/uploads\/2020\/03\/Vibrant-1.png 1280w\" sizes=\"auto, (max-width: 300px) 100vw, 300px\" \/><\/p>\n<\/div>\n<\/div>","protected":false},"excerpt":{"rendered":"<p>CRISE contributes to the development of knowledge on suicide and end-of-life pratices, thanks to the close collaboration of its research partners. The Centre\u2019s wide-ranging work is also made possible by the support of its financial partners. CRISE salutes the commitment of all of its partners:<\/p>\n","protected":false},"author":1,"featured_media":0,"parent":1477,"menu_order":0,"comment_status":"closed","ping_status":"closed","template":"","meta":{"_acf_changed":false,"om_disable_all_campaigns":false,"_monsterinsights_skip_tracking":false,"_monsterinsights_sitenote_active":false,"_monsterinsights_sitenote_note":"","_monsterinsights_sitenote_category":0,"_uf_show_specific_survey":0,"_uf_disable_surveys":false,"footnotes":""},"class_list":["post-1494","page","type-page","status-publish","hentry"],"acf":[],"yoast_head":"<!-- This site is optimized with the Yoast SEO plugin v27.4 - https:\/\/yoast.com\/product\/yoast-seo-wordpress\/ -->\n<title>Our financial partners - CRISE - UQAM<\/title>\n<meta name=\"robots\" content=\"index, follow, max-snippet:-1, max-image-preview:large, max-video-preview:-1\" \/>\n<link rel=\"canonical\" href=\"https:\/\/crise.ca\/en\/the-crise\/our-partners\/\" \/>\n<meta property=\"og:locale\" content=\"en_US\" \/>\n<meta property=\"og:type\" content=\"article\" \/>\n<meta property=\"og:title\" content=\"Our financial partners - CRISE - UQAM\" \/>\n<meta property=\"og:description\" content=\"CRISE contributes to the development of knowledge on suicide and end-of-life pratices, thanks to the close collaboration of its research partners. The Centre\u2019s wide-ranging work is also made possible by the support of its financial partners. CRISE salutes the commitment of all of its partners:\" \/>\n<meta property=\"og:url\" content=\"https:\/\/crise.ca\/en\/the-crise\/our-partners\/\" \/>\n<meta property=\"og:site_name\" content=\"CRISE\" \/>\n<meta property=\"article:modified_time\" content=\"2020-03-06T18:49:22+00:00\" \/>\n<meta property=\"og:image\" content=\"https:\/\/crise.ca\/wp-content\/uploads\/2019\/03\/cihr.jpg\" \/>\n<meta name=\"twitter:card\" content=\"summary_large_image\" \/>\n<script type=\"application\/ld+json\" class=\"yoast-schema-graph\">{\"@context\":\"https:\\\/\\\/schema.org\",\"@graph\":[{\"@type\":\"WebPage\",\"@id\":\"https:\\\/\\\/crise.ca\\\/en\\\/the-crise\\\/our-partners\\\/\",\"url\":\"https:\\\/\\\/crise.ca\\\/en\\\/the-crise\\\/our-partners\\\/\",\"name\":\"Our financial partners - CRISE - UQAM\",\"isPartOf\":{\"@id\":\"https:\\\/\\\/crise.ca\\\/en\\\/#website\"},\"primaryImageOfPage\":{\"@id\":\"https:\\\/\\\/crise.ca\\\/en\\\/the-crise\\\/our-partners\\\/#primaryimage\"},\"image\":{\"@id\":\"https:\\\/\\\/crise.ca\\\/en\\\/the-crise\\\/our-partners\\\/#primaryimage\"},\"thumbnailUrl\":\"https:\\\/\\\/crise.ca\\\/wp-content\\\/uploads\\\/2019\\\/03\\\/cihr.jpg\",\"datePublished\":\"2019-03-05T14:59:06+00:00\",\"dateModified\":\"2020-03-06T18:49:22+00:00\",\"breadcrumb\":{\"@id\":\"https:\\\/\\\/crise.ca\\\/en\\\/the-crise\\\/our-partners\\\/#breadcrumb\"},\"inLanguage\":\"en-CA\",\"potentialAction\":[{\"@type\":\"ReadAction\",\"target\":[\"https:\\\/\\\/crise.ca\\\/en\\\/the-crise\\\/our-partners\\\/\"]}]},{\"@type\":\"ImageObject\",\"inLanguage\":\"en-CA\",\"@id\":\"https:\\\/\\\/crise.ca\\\/en\\\/the-crise\\\/our-partners\\\/#primaryimage\",\"url\":\"https:\\\/\\\/crise.ca\\\/wp-content\\\/uploads\\\/2019\\\/03\\\/cihr.jpg\",\"contentUrl\":\"https:\\\/\\\/crise.ca\\\/wp-content\\\/uploads\\\/2019\\\/03\\\/cihr.jpg\"},{\"@type\":\"BreadcrumbList\",\"@id\":\"https:\\\/\\\/crise.ca\\\/en\\\/the-crise\\\/our-partners\\\/#breadcrumb\",\"itemListElement\":[{\"@type\":\"ListItem\",\"position\":1,\"name\":\"UQAM\",\"item\":\"https:\\\/\\\/uqam.ca\"},{\"@type\":\"ListItem\",\"position\":2,\"name\":\"CRISE\",\"item\":\"https:\\\/\\\/crise.ca\\\/en\\\/\"},{\"@type\":\"ListItem\",\"position\":3,\"name\":\"The CRISE\",\"item\":\"https:\\\/\\\/crise.ca\\\/en\\\/the-crise\\\/\"},{\"@type\":\"ListItem\",\"position\":4,\"name\":\"Our financial partners\"}]},{\"@type\":\"WebSite\",\"@id\":\"https:\\\/\\\/crise.ca\\\/en\\\/#website\",\"url\":\"https:\\\/\\\/crise.ca\\\/en\\\/\",\"name\":\"CRISE\",\"description\":\"Centre de recherche en pr\u00e9vention du suicide situ\u00e9 \u00e0 l&#039;Universit\u00e9 du Qu\u00e9bec \u00e0 Montr\u00e9al\",\"potentialAction\":[{\"@type\":\"SearchAction\",\"target\":{\"@type\":\"EntryPoint\",\"urlTemplate\":\"https:\\\/\\\/crise.ca\\\/en\\\/?s={search_term_string}\"},\"query-input\":{\"@type\":\"PropertyValueSpecification\",\"valueRequired\":true,\"valueName\":\"search_term_string\"}}],\"inLanguage\":\"en-CA\"}]}<\/script>\n<!-- \/ Yoast SEO plugin. -->","yoast_head_json":{"title":"Our financial partners - CRISE - UQAM","robots":{"index":"index","follow":"follow","max-snippet":"max-snippet:-1","max-image-preview":"max-image-preview:large","max-video-preview":"max-video-preview:-1"},"canonical":"https:\/\/crise.ca\/en\/the-crise\/our-partners\/","og_locale":"en_US","og_type":"article","og_title":"Our financial partners - CRISE - UQAM","og_description":"CRISE contributes to the development of knowledge on suicide and end-of-life pratices, thanks to the close collaboration of its research partners. The Centre\u2019s wide-ranging work is also made possible by the support of its financial partners. CRISE salutes the commitment of all of its partners:","og_url":"https:\/\/crise.ca\/en\/the-crise\/our-partners\/","og_site_name":"CRISE","article_modified_time":"2020-03-06T18:49:22+00:00","og_image":[{"url":"https:\/\/crise.ca\/wp-content\/uploads\/2019\/03\/cihr.jpg","type":"","width":"","height":""}],"twitter_card":"summary_large_image","schema":{"@context":"https:\/\/schema.org","@graph":[{"@type":"WebPage","@id":"https:\/\/crise.ca\/en\/the-crise\/our-partners\/","url":"https:\/\/crise.ca\/en\/the-crise\/our-partners\/","name":"Our financial partners - CRISE - UQAM","isPartOf":{"@id":"https:\/\/crise.ca\/en\/#website"},"primaryImageOfPage":{"@id":"https:\/\/crise.ca\/en\/the-crise\/our-partners\/#primaryimage"},"image":{"@id":"https:\/\/crise.ca\/en\/the-crise\/our-partners\/#primaryimage"},"thumbnailUrl":"https:\/\/crise.ca\/wp-content\/uploads\/2019\/03\/cihr.jpg","datePublished":"2019-03-05T14:59:06+00:00","dateModified":"2020-03-06T18:49:22+00:00","breadcrumb":{"@id":"https:\/\/crise.ca\/en\/the-crise\/our-partners\/#breadcrumb"},"inLanguage":"en-CA","potentialAction":[{"@type":"ReadAction","target":["https:\/\/crise.ca\/en\/the-crise\/our-partners\/"]}]},{"@type":"ImageObject","inLanguage":"en-CA","@id":"https:\/\/crise.ca\/en\/the-crise\/our-partners\/#primaryimage","url":"https:\/\/crise.ca\/wp-content\/uploads\/2019\/03\/cihr.jpg","contentUrl":"https:\/\/crise.ca\/wp-content\/uploads\/2019\/03\/cihr.jpg"},{"@type":"BreadcrumbList","@id":"https:\/\/crise.ca\/en\/the-crise\/our-partners\/#breadcrumb","itemListElement":[{"@type":"ListItem","position":1,"name":"UQAM","item":"https:\/\/uqam.ca"},{"@type":"ListItem","position":2,"name":"CRISE","item":"https:\/\/crise.ca\/en\/"},{"@type":"ListItem","position":3,"name":"The CRISE","item":"https:\/\/crise.ca\/en\/the-crise\/"},{"@type":"ListItem","position":4,"name":"Our financial partners"}]},{"@type":"WebSite","@id":"https:\/\/crise.ca\/en\/#website","url":"https:\/\/crise.ca\/en\/","name":"CRISE","description":"Centre de recherche en pr\u00e9vention du suicide situ\u00e9 \u00e0 l&#039;Universit\u00e9 du Qu\u00e9bec \u00e0 Montr\u00e9al","potentialAction":[{"@type":"SearchAction","target":{"@type":"EntryPoint","urlTemplate":"https:\/\/crise.ca\/en\/?s={search_term_string}"},"query-input":{"@type":"PropertyValueSpecification","valueRequired":true,"valueName":"search_term_string"}}],"inLanguage":"en-CA"}]}},"_links":{"self":[{"href":"https:\/\/crise.ca\/en\/wp-json\/wp\/v2\/pages\/1494","targetHints":{"allow":["GET"]}}],"collection":[{"href":"https:\/\/crise.ca\/en\/wp-json\/wp\/v2\/pages"}],"about":[{"href":"https:\/\/crise.ca\/en\/wp-json\/wp\/v2\/types\/page"}],"author":[{"embeddable":true,"href":"https:\/\/crise.ca\/en\/wp-json\/wp\/v2\/users\/1"}],"replies":[{"embeddable":true,"href":"https:\/\/crise.ca\/en\/wp-json\/wp\/v2\/comments?post=1494"}],"version-history":[{"count":12,"href":"https:\/\/crise.ca\/en\/wp-json\/wp\/v2\/pages\/1494\/revisions"}],"predecessor-version":[{"id":3286,"href":"https:\/\/crise.ca\/en\/wp-json\/wp\/v2\/pages\/1494\/revisions\/3286"}],"up":[{"embeddable":true,"href":"https:\/\/crise.ca\/en\/wp-json\/wp\/v2\/pages\/1477"}],"wp:attachment":[{"href":"https:\/\/crise.ca\/en\/wp-json\/wp\/v2\/media?parent=1494"}],"curies":[{"name":"wp","href":"https:\/\/api.w.org\/{rel}","templated":true}]}}