{"id":1486,"date":"2019-03-05T09:47:45","date_gmt":"2019-03-05T14:47:45","guid":{"rendered":"https:\/\/wwd-crise.uqam.ca\/?page_id=1486"},"modified":"2022-09-13T12:25:43","modified_gmt":"2022-09-13T16:25:43","slug":"structure","status":"publish","type":"page","link":"https:\/\/crise.ca\/en\/the-crise\/structure\/","title":{"rendered":"Structure"},"content":{"rendered":"<div class=\"wp-block-image\">\n<figure class=\"alignleft\"><img loading=\"lazy\" decoding=\"async\" width=\"150\" height=\"155\" src=\"https:\/\/crise.ca\/wp-content\/uploads\/2019\/03\/brian_mishara.jpg\" alt=\"\" class=\"wp-image-27\"\/><figcaption>Photo : Michel Giroux <\/figcaption><\/figure>\n<\/div>\n\n\n<p>The activities of CRISE are based upon the conviction that suicide prevention requires concerted action involving researchers, clinicians, planners and the community. Our projects involve close cooperation between researchers who are aware of intervention needs and organizations working in suicide prevention. At CRISE, the process of developing new projects and decision-making involves a collaborative effort. <\/p>\n\n\n\n<p>&#8211; <strong>Brian Mishara<\/strong>, Ph.D., CRISE Director <\/p>\n\n\n\n<h3 class=\"wp-block-heading\">General Assembly<\/h3>\n\n\n\n<p>The general assembly is the decisional and scientific heart of the centre. It consists of all CRISE members, who have equal weight in decision-making. The assembly elects members for scientific and administrative committees, and votes for research orientations and objectives.<\/p>\n\n\n\n<p>General assembly meetings are also opportunities for researchers, students, professionals and partner organisations to network and share knowledge and preoccupations. In turn, this fosters new research in suicide prevention and end-of-life practices.<\/p>\n\n\n\n<h3 class=\"wp-block-heading\">Executive Committee<\/h3>\n\n\n\n<p>The members appoint representatives to an executive committee, which ensure follow-up of decisions taken in general assembly. Two representatives of practice settings, two researchers and one student are elected by a majority of members in general assembly for a mandate at the executive committee. There are three non-elected members at the executive committee, Director Brian Mishara, Associate Director C\u00e9cile Bardon, as well as Genevi\u00e8ve Shields of the Facult\u00e9 des sciences humaines at UQAM.<\/p>\n\n\n\n<p>These eight representatives assist the director of the Centre and make decisions. These decisions are in turn ratified by the general assembly. <\/p>\n\n\n\n<p>For 2022-2023, the elected members are:<\/p>\n\n\n\n<ul class=\"wp-block-list\"><li><a href=\"christine.genest@umontreal.ca\">Christine Genest<\/a>, PhD, Universit\u00e9 de Montr\u00e9al<\/li><li><a href=\"vachon.melanie@uqam.ca\">M\u00e9lanie Vachon<\/a>, PhD, Universit\u00e9 du Qu\u00e9bec \u00e0 Montr\u00e9al<\/li><li><a href=\"gabriele.dubuc@uqtr.ca\">Gabri\u00e8le Dubuc<\/a>, PhD student, Universit\u00e9 du Qu\u00e9bec \u00e0 Trois-Rivi\u00e8res<\/li><li>J\u00e9r\u00f4me Gaudreault, Association qu\u00e9b\u00e9coise de pr\u00e9vention du suicide (AQPS)<\/li><li>Kim Boisclair, Regroupement des centres de pr\u00e9vention du suicide du Qu\u00e9bec (RCPSQ)<\/li><\/ul>\n\n\n\n<h3 class=\"wp-block-heading\">Principal Investigators<\/h3>\n\n\n\n<p>A principal \u00eenvestigator is responsible for coordinating research in one specific <a href=\"https:\/\/crise.ca\/en\/lines-of-research\/\">research area<\/a>. They help identify research projects, define needs in research development, ensure the coherence of the research program, recruit new researchers and partners to develop projects in order to develop and transfer knowledge at various ecological levels.<\/p>\n\n\n\n<h3 class=\"wp-block-heading\">Administration<\/h3>\n\n\n\n<p>Administration at CRISE is ensured by research agents, a head of documentation centre and an information technician. By ensuring the permanence at CRISE, they help support the realisation of research projects at CRISE.<\/p>\n\n\n\n<h3 class=\"wp-block-heading\">International Advisory Committee<\/h3>\n\n\n\n<p>The advisory committee consists of three world-renowned researchers in suicidology: Martine Bantuelle (Educa Sant\u00e9, Belgium), Ad Kerkhof (Vrije University, Netherlands) and Vanda Scott (International Association for Suicide Prevention).<\/p>\n\n\n\n<p>The aim of this committee is to offer a larger perspective on current issues and directions in suicidology and suicide prevention.<\/p>\n","protected":false},"excerpt":{"rendered":"<p>The activities of CRISE are based upon the conviction that suicide prevention requires concerted action involving researchers, clinicians, planners and the community. Our projects involve close cooperation between researchers who are aware of intervention needs and organizations working in suicide prevention. At CRISE, the process of developing new projects and decision-making involves a collaborative effort. [&hellip;]<\/p>\n","protected":false},"author":1,"featured_media":0,"parent":1477,"menu_order":0,"comment_status":"closed","ping_status":"closed","template":"","meta":{"_acf_changed":false,"om_disable_all_campaigns":false,"_monsterinsights_skip_tracking":false,"_monsterinsights_sitenote_active":false,"_monsterinsights_sitenote_note":"","_monsterinsights_sitenote_category":0,"_uf_show_specific_survey":0,"_uf_disable_surveys":false,"footnotes":""},"class_list":["post-1486","page","type-page","status-publish","hentry"],"acf":[],"yoast_head":"<!-- This site is optimized with the Yoast SEO plugin v27.5 - https:\/\/yoast.com\/product\/yoast-seo-wordpress\/ -->\n<title>Structure - CRISE - UQAM<\/title>\n<meta name=\"robots\" content=\"index, follow, max-snippet:-1, max-image-preview:large, max-video-preview:-1\" \/>\n<link rel=\"canonical\" href=\"https:\/\/crise.ca\/en\/the-crise\/structure\/\" \/>\n<meta property=\"og:locale\" content=\"en_US\" \/>\n<meta property=\"og:type\" content=\"article\" \/>\n<meta property=\"og:title\" content=\"Structure - CRISE - UQAM\" \/>\n<meta property=\"og:description\" content=\"The activities of CRISE are based upon the conviction that suicide prevention requires concerted action involving researchers, clinicians, planners and the community. Our projects involve close cooperation between researchers who are aware of intervention needs and organizations working in suicide prevention. At CRISE, the process of developing new projects and decision-making involves a collaborative effort. [&hellip;]\" \/>\n<meta property=\"og:url\" content=\"https:\/\/crise.ca\/en\/the-crise\/structure\/\" \/>\n<meta property=\"og:site_name\" content=\"CRISE\" \/>\n<meta property=\"article:modified_time\" content=\"2022-09-13T16:25:43+00:00\" \/>\n<meta property=\"og:image\" content=\"https:\/\/crise.ca\/wp-content\/uploads\/2019\/03\/brian_mishara.jpg\" \/>\n<meta name=\"twitter:card\" content=\"summary_large_image\" \/>\n<meta name=\"twitter:label1\" content=\"Est. reading time\" \/>\n\t<meta name=\"twitter:data1\" content=\"3 minutes\" \/>\n<script type=\"application\/ld+json\" class=\"yoast-schema-graph\">{\"@context\":\"https:\\\/\\\/schema.org\",\"@graph\":[{\"@type\":\"WebPage\",\"@id\":\"https:\\\/\\\/crise.ca\\\/en\\\/the-crise\\\/structure\\\/\",\"url\":\"https:\\\/\\\/crise.ca\\\/en\\\/the-crise\\\/structure\\\/\",\"name\":\"Structure - CRISE - UQAM\",\"isPartOf\":{\"@id\":\"https:\\\/\\\/crise.ca\\\/en\\\/#website\"},\"primaryImageOfPage\":{\"@id\":\"https:\\\/\\\/crise.ca\\\/en\\\/the-crise\\\/structure\\\/#primaryimage\"},\"image\":{\"@id\":\"https:\\\/\\\/crise.ca\\\/en\\\/the-crise\\\/structure\\\/#primaryimage\"},\"thumbnailUrl\":\"https:\\\/\\\/crise.ca\\\/wp-content\\\/uploads\\\/2019\\\/03\\\/brian_mishara.jpg\",\"datePublished\":\"2019-03-05T14:47:45+00:00\",\"dateModified\":\"2022-09-13T16:25:43+00:00\",\"breadcrumb\":{\"@id\":\"https:\\\/\\\/crise.ca\\\/en\\\/the-crise\\\/structure\\\/#breadcrumb\"},\"inLanguage\":\"en-CA\",\"potentialAction\":[{\"@type\":\"ReadAction\",\"target\":[\"https:\\\/\\\/crise.ca\\\/en\\\/the-crise\\\/structure\\\/\"]}]},{\"@type\":\"ImageObject\",\"inLanguage\":\"en-CA\",\"@id\":\"https:\\\/\\\/crise.ca\\\/en\\\/the-crise\\\/structure\\\/#primaryimage\",\"url\":\"https:\\\/\\\/crise.ca\\\/wp-content\\\/uploads\\\/2019\\\/03\\\/brian_mishara.jpg\",\"contentUrl\":\"https:\\\/\\\/crise.ca\\\/wp-content\\\/uploads\\\/2019\\\/03\\\/brian_mishara.jpg\"},{\"@type\":\"BreadcrumbList\",\"@id\":\"https:\\\/\\\/crise.ca\\\/en\\\/the-crise\\\/structure\\\/#breadcrumb\",\"itemListElement\":[{\"@type\":\"ListItem\",\"position\":1,\"name\":\"UQAM\",\"item\":\"https:\\\/\\\/uqam.ca\"},{\"@type\":\"ListItem\",\"position\":2,\"name\":\"CRISE\",\"item\":\"https:\\\/\\\/crise.ca\\\/en\\\/\"},{\"@type\":\"ListItem\",\"position\":3,\"name\":\"The CRISE\",\"item\":\"https:\\\/\\\/crise.ca\\\/en\\\/the-crise\\\/\"},{\"@type\":\"ListItem\",\"position\":4,\"name\":\"Structure\"}]},{\"@type\":\"WebSite\",\"@id\":\"https:\\\/\\\/crise.ca\\\/en\\\/#website\",\"url\":\"https:\\\/\\\/crise.ca\\\/en\\\/\",\"name\":\"CRISE\",\"description\":\"Centre de recherche en pr\u00e9vention du suicide situ\u00e9 \u00e0 l&#039;Universit\u00e9 du Qu\u00e9bec \u00e0 Montr\u00e9al\",\"potentialAction\":[{\"@type\":\"SearchAction\",\"target\":{\"@type\":\"EntryPoint\",\"urlTemplate\":\"https:\\\/\\\/crise.ca\\\/en\\\/?s={search_term_string}\"},\"query-input\":{\"@type\":\"PropertyValueSpecification\",\"valueRequired\":true,\"valueName\":\"search_term_string\"}}],\"inLanguage\":\"en-CA\"}]}<\/script>\n<!-- \/ Yoast SEO plugin. -->","yoast_head_json":{"title":"Structure - CRISE - UQAM","robots":{"index":"index","follow":"follow","max-snippet":"max-snippet:-1","max-image-preview":"max-image-preview:large","max-video-preview":"max-video-preview:-1"},"canonical":"https:\/\/crise.ca\/en\/the-crise\/structure\/","og_locale":"en_US","og_type":"article","og_title":"Structure - CRISE - UQAM","og_description":"The activities of CRISE are based upon the conviction that suicide prevention requires concerted action involving researchers, clinicians, planners and the community. Our projects involve close cooperation between researchers who are aware of intervention needs and organizations working in suicide prevention. At CRISE, the process of developing new projects and decision-making involves a collaborative effort. [&hellip;]","og_url":"https:\/\/crise.ca\/en\/the-crise\/structure\/","og_site_name":"CRISE","article_modified_time":"2022-09-13T16:25:43+00:00","og_image":[{"url":"https:\/\/crise.ca\/wp-content\/uploads\/2019\/03\/brian_mishara.jpg","type":"","width":"","height":""}],"twitter_card":"summary_large_image","twitter_misc":{"Est. reading time":"3 minutes"},"schema":{"@context":"https:\/\/schema.org","@graph":[{"@type":"WebPage","@id":"https:\/\/crise.ca\/en\/the-crise\/structure\/","url":"https:\/\/crise.ca\/en\/the-crise\/structure\/","name":"Structure - CRISE - UQAM","isPartOf":{"@id":"https:\/\/crise.ca\/en\/#website"},"primaryImageOfPage":{"@id":"https:\/\/crise.ca\/en\/the-crise\/structure\/#primaryimage"},"image":{"@id":"https:\/\/crise.ca\/en\/the-crise\/structure\/#primaryimage"},"thumbnailUrl":"https:\/\/crise.ca\/wp-content\/uploads\/2019\/03\/brian_mishara.jpg","datePublished":"2019-03-05T14:47:45+00:00","dateModified":"2022-09-13T16:25:43+00:00","breadcrumb":{"@id":"https:\/\/crise.ca\/en\/the-crise\/structure\/#breadcrumb"},"inLanguage":"en-CA","potentialAction":[{"@type":"ReadAction","target":["https:\/\/crise.ca\/en\/the-crise\/structure\/"]}]},{"@type":"ImageObject","inLanguage":"en-CA","@id":"https:\/\/crise.ca\/en\/the-crise\/structure\/#primaryimage","url":"https:\/\/crise.ca\/wp-content\/uploads\/2019\/03\/brian_mishara.jpg","contentUrl":"https:\/\/crise.ca\/wp-content\/uploads\/2019\/03\/brian_mishara.jpg"},{"@type":"BreadcrumbList","@id":"https:\/\/crise.ca\/en\/the-crise\/structure\/#breadcrumb","itemListElement":[{"@type":"ListItem","position":1,"name":"UQAM","item":"https:\/\/uqam.ca"},{"@type":"ListItem","position":2,"name":"CRISE","item":"https:\/\/crise.ca\/en\/"},{"@type":"ListItem","position":3,"name":"The CRISE","item":"https:\/\/crise.ca\/en\/the-crise\/"},{"@type":"ListItem","position":4,"name":"Structure"}]},{"@type":"WebSite","@id":"https:\/\/crise.ca\/en\/#website","url":"https:\/\/crise.ca\/en\/","name":"CRISE","description":"Centre de recherche en pr\u00e9vention du suicide situ\u00e9 \u00e0 l&#039;Universit\u00e9 du Qu\u00e9bec \u00e0 Montr\u00e9al","potentialAction":[{"@type":"SearchAction","target":{"@type":"EntryPoint","urlTemplate":"https:\/\/crise.ca\/en\/?s={search_term_string}"},"query-input":{"@type":"PropertyValueSpecification","valueRequired":true,"valueName":"search_term_string"}}],"inLanguage":"en-CA"}]}},"_links":{"self":[{"href":"https:\/\/crise.ca\/en\/wp-json\/wp\/v2\/pages\/1486","targetHints":{"allow":["GET"]}}],"collection":[{"href":"https:\/\/crise.ca\/en\/wp-json\/wp\/v2\/pages"}],"about":[{"href":"https:\/\/crise.ca\/en\/wp-json\/wp\/v2\/types\/page"}],"author":[{"embeddable":true,"href":"https:\/\/crise.ca\/en\/wp-json\/wp\/v2\/users\/1"}],"replies":[{"embeddable":true,"href":"https:\/\/crise.ca\/en\/wp-json\/wp\/v2\/comments?post=1486"}],"version-history":[{"count":13,"href":"https:\/\/crise.ca\/en\/wp-json\/wp\/v2\/pages\/1486\/revisions"}],"predecessor-version":[{"id":6787,"href":"https:\/\/crise.ca\/en\/wp-json\/wp\/v2\/pages\/1486\/revisions\/6787"}],"up":[{"embeddable":true,"href":"https:\/\/crise.ca\/en\/wp-json\/wp\/v2\/pages\/1477"}],"wp:attachment":[{"href":"https:\/\/crise.ca\/en\/wp-json\/wp\/v2\/media?parent=1486"}],"curies":[{"name":"wp","href":"https:\/\/api.w.org\/{rel}","templated":true}]}}