{"id":1481,"date":"2019-03-05T09:50:28","date_gmt":"2019-03-05T14:50:28","guid":{"rendered":"https:\/\/wwd-crise.uqam.ca\/?page_id=1481"},"modified":"2022-05-04T13:18:14","modified_gmt":"2022-05-04T17:18:14","slug":"mission-et-histoire","status":"publish","type":"page","link":"https:\/\/crise.ca\/en\/the-crise\/mission-et-histoire\/","title":{"rendered":"Mission and History"},"content":{"rendered":"\n<p>CRISE is an interdisciplinary research centre at the Universit\u00e9 du Qu\u00e9bec \u00e0 Montr\u00e9al (UQAM), with approximately 20 researchers and over 60 doctoral and post-doctoral students from 7 universities, as well as numerous members from institutions and community organizations in Quebec. <\/p>\n\n\n\n<h2 class=\"wp-block-heading\">Mission<\/h2>\n\n\n\n<p>To work with its partners on suicide prevention and the reduction of its negative effects while encouraging the development and use of interdisciplinary knowledge on suicide, suicide prevention and end-of-life practices. <\/p>\n\n\n\n<h3 class=\"wp-block-heading\">Goals<\/h3>\n\n\n\n<ul class=\"wp-block-list\"><li>To develop research on suicide and end-of-life practices<\/li><li>To improve the dissemination and application of knowledge on end-of-life practices, suicide and suicide prevention<\/li><li>To support the development of research expertise<\/li><li>To increase partnerships between researchers, practitioners and program planners in order to promote the development and dissemination of knowledge on suicide and end-of-life practices<\/li><\/ul>\n\n\n\n<h2 class=\"wp-block-heading\">History of CRISE<\/h2>\n\n\n\n<p>CRISE was developed from the desire of several researchers to share their interests and expertise. Before 1997, Quebec researchers interested in suicidology were relatively isolated. There were few formal structures to promote suicide research and knowledge transfer.<\/p>\n\n\n\n<p>Several professionals, who were UQAM students at the time, including Rachel Bigras, Lucie Charbonneau, Fran\u00e7ois Chagnon, along with Brian Mishara, professor in the department of psychology at UQAM, concluded that an ecological and interdisciplinary approach supported by a research centre would contribute substantially to the development of knowledge on suicide and euthanasia. This approach has the benefit of sharing research expertise from different disciplines with practitioners and planners to better understand the problem of suicide and its prevention.<\/p>\n\n\n\n<p>The founding members mobilized researchers and practitioners from several institutions in collaboration with the Quebec Association for Suicide Prevention (Association qu\u00e9b\u00e9coise de pr\u00e9vention du suicide, AQPS) to create the Centre for Research and Intervention on Suicide and Euthanasia (CRISE), which changed its name after the legalization of Medical Aid in Dying in Quebec.<\/p>\n\n\n\n<p>Today, CRISE is one of the most active research centers on suicide and end-of-life practices in the world. CRISE projects have received recognition from several granting agencies in Quebec, Canada and the United States.<\/p>\n","protected":false},"excerpt":{"rendered":"<p>CRISE is an interdisciplinary research centre at the Universit\u00e9 du Qu\u00e9bec \u00e0 Montr\u00e9al (UQAM), with approximately 20 researchers and over 60 doctoral and post-doctoral students from 7 universities, as well as numerous members from institutions and community organizations in Quebec. Mission To work with its partners on suicide prevention and the reduction of its negative [&hellip;]<\/p>\n","protected":false},"author":1,"featured_media":0,"parent":1477,"menu_order":0,"comment_status":"closed","ping_status":"closed","template":"","meta":{"_acf_changed":false,"om_disable_all_campaigns":false,"_monsterinsights_skip_tracking":false,"_monsterinsights_sitenote_active":false,"_monsterinsights_sitenote_note":"","_monsterinsights_sitenote_category":0,"_uf_show_specific_survey":0,"_uf_disable_surveys":false,"footnotes":""},"class_list":["post-1481","page","type-page","status-publish","hentry"],"acf":[],"yoast_head":"<!-- This site is optimized with the Yoast SEO plugin v27.5 - https:\/\/yoast.com\/product\/yoast-seo-wordpress\/ -->\n<title>Mission and History - CRISE - UQAM<\/title>\n<meta name=\"robots\" content=\"index, follow, max-snippet:-1, max-image-preview:large, max-video-preview:-1\" \/>\n<link rel=\"canonical\" href=\"https:\/\/crise.ca\/en\/the-crise\/mission-et-histoire\/\" \/>\n<meta property=\"og:locale\" content=\"en_US\" \/>\n<meta property=\"og:type\" content=\"article\" \/>\n<meta property=\"og:title\" content=\"Mission and History - CRISE - UQAM\" \/>\n<meta property=\"og:description\" content=\"CRISE is an interdisciplinary research centre at the Universit\u00e9 du Qu\u00e9bec \u00e0 Montr\u00e9al (UQAM), with approximately 20 researchers and over 60 doctoral and post-doctoral students from 7 universities, as well as numerous members from institutions and community organizations in Quebec. Mission To work with its partners on suicide prevention and the reduction of its negative [&hellip;]\" \/>\n<meta property=\"og:url\" content=\"https:\/\/crise.ca\/en\/the-crise\/mission-et-histoire\/\" \/>\n<meta property=\"og:site_name\" content=\"CRISE\" \/>\n<meta property=\"article:modified_time\" content=\"2022-05-04T17:18:14+00:00\" \/>\n<meta name=\"twitter:card\" content=\"summary_large_image\" \/>\n<meta name=\"twitter:label1\" content=\"Est. reading time\" \/>\n\t<meta name=\"twitter:data1\" content=\"2 minutes\" \/>\n<script type=\"application\/ld+json\" class=\"yoast-schema-graph\">{\"@context\":\"https:\\\/\\\/schema.org\",\"@graph\":[{\"@type\":\"WebPage\",\"@id\":\"https:\\\/\\\/crise.ca\\\/en\\\/the-crise\\\/mission-et-histoire\\\/\",\"url\":\"https:\\\/\\\/crise.ca\\\/en\\\/the-crise\\\/mission-et-histoire\\\/\",\"name\":\"Mission and History - CRISE - UQAM\",\"isPartOf\":{\"@id\":\"https:\\\/\\\/crise.ca\\\/en\\\/#website\"},\"datePublished\":\"2019-03-05T14:50:28+00:00\",\"dateModified\":\"2022-05-04T17:18:14+00:00\",\"breadcrumb\":{\"@id\":\"https:\\\/\\\/crise.ca\\\/en\\\/the-crise\\\/mission-et-histoire\\\/#breadcrumb\"},\"inLanguage\":\"en-CA\",\"potentialAction\":[{\"@type\":\"ReadAction\",\"target\":[\"https:\\\/\\\/crise.ca\\\/en\\\/the-crise\\\/mission-et-histoire\\\/\"]}]},{\"@type\":\"BreadcrumbList\",\"@id\":\"https:\\\/\\\/crise.ca\\\/en\\\/the-crise\\\/mission-et-histoire\\\/#breadcrumb\",\"itemListElement\":[{\"@type\":\"ListItem\",\"position\":1,\"name\":\"UQAM\",\"item\":\"https:\\\/\\\/uqam.ca\"},{\"@type\":\"ListItem\",\"position\":2,\"name\":\"CRISE\",\"item\":\"https:\\\/\\\/crise.ca\\\/en\\\/\"},{\"@type\":\"ListItem\",\"position\":3,\"name\":\"The CRISE\",\"item\":\"https:\\\/\\\/crise.ca\\\/en\\\/the-crise\\\/\"},{\"@type\":\"ListItem\",\"position\":4,\"name\":\"Mission and History\"}]},{\"@type\":\"WebSite\",\"@id\":\"https:\\\/\\\/crise.ca\\\/en\\\/#website\",\"url\":\"https:\\\/\\\/crise.ca\\\/en\\\/\",\"name\":\"CRISE\",\"description\":\"Centre de recherche en pr\u00e9vention du suicide situ\u00e9 \u00e0 l&#039;Universit\u00e9 du Qu\u00e9bec \u00e0 Montr\u00e9al\",\"potentialAction\":[{\"@type\":\"SearchAction\",\"target\":{\"@type\":\"EntryPoint\",\"urlTemplate\":\"https:\\\/\\\/crise.ca\\\/en\\\/?s={search_term_string}\"},\"query-input\":{\"@type\":\"PropertyValueSpecification\",\"valueRequired\":true,\"valueName\":\"search_term_string\"}}],\"inLanguage\":\"en-CA\"}]}<\/script>\n<!-- \/ Yoast SEO plugin. -->","yoast_head_json":{"title":"Mission and History - CRISE - UQAM","robots":{"index":"index","follow":"follow","max-snippet":"max-snippet:-1","max-image-preview":"max-image-preview:large","max-video-preview":"max-video-preview:-1"},"canonical":"https:\/\/crise.ca\/en\/the-crise\/mission-et-histoire\/","og_locale":"en_US","og_type":"article","og_title":"Mission and History - CRISE - UQAM","og_description":"CRISE is an interdisciplinary research centre at the Universit\u00e9 du Qu\u00e9bec \u00e0 Montr\u00e9al (UQAM), with approximately 20 researchers and over 60 doctoral and post-doctoral students from 7 universities, as well as numerous members from institutions and community organizations in Quebec. Mission To work with its partners on suicide prevention and the reduction of its negative [&hellip;]","og_url":"https:\/\/crise.ca\/en\/the-crise\/mission-et-histoire\/","og_site_name":"CRISE","article_modified_time":"2022-05-04T17:18:14+00:00","twitter_card":"summary_large_image","twitter_misc":{"Est. reading time":"2 minutes"},"schema":{"@context":"https:\/\/schema.org","@graph":[{"@type":"WebPage","@id":"https:\/\/crise.ca\/en\/the-crise\/mission-et-histoire\/","url":"https:\/\/crise.ca\/en\/the-crise\/mission-et-histoire\/","name":"Mission and History - CRISE - UQAM","isPartOf":{"@id":"https:\/\/crise.ca\/en\/#website"},"datePublished":"2019-03-05T14:50:28+00:00","dateModified":"2022-05-04T17:18:14+00:00","breadcrumb":{"@id":"https:\/\/crise.ca\/en\/the-crise\/mission-et-histoire\/#breadcrumb"},"inLanguage":"en-CA","potentialAction":[{"@type":"ReadAction","target":["https:\/\/crise.ca\/en\/the-crise\/mission-et-histoire\/"]}]},{"@type":"BreadcrumbList","@id":"https:\/\/crise.ca\/en\/the-crise\/mission-et-histoire\/#breadcrumb","itemListElement":[{"@type":"ListItem","position":1,"name":"UQAM","item":"https:\/\/uqam.ca"},{"@type":"ListItem","position":2,"name":"CRISE","item":"https:\/\/crise.ca\/en\/"},{"@type":"ListItem","position":3,"name":"The CRISE","item":"https:\/\/crise.ca\/en\/the-crise\/"},{"@type":"ListItem","position":4,"name":"Mission and History"}]},{"@type":"WebSite","@id":"https:\/\/crise.ca\/en\/#website","url":"https:\/\/crise.ca\/en\/","name":"CRISE","description":"Centre de recherche en pr\u00e9vention du suicide situ\u00e9 \u00e0 l&#039;Universit\u00e9 du Qu\u00e9bec \u00e0 Montr\u00e9al","potentialAction":[{"@type":"SearchAction","target":{"@type":"EntryPoint","urlTemplate":"https:\/\/crise.ca\/en\/?s={search_term_string}"},"query-input":{"@type":"PropertyValueSpecification","valueRequired":true,"valueName":"search_term_string"}}],"inLanguage":"en-CA"}]}},"_links":{"self":[{"href":"https:\/\/crise.ca\/en\/wp-json\/wp\/v2\/pages\/1481","targetHints":{"allow":["GET"]}}],"collection":[{"href":"https:\/\/crise.ca\/en\/wp-json\/wp\/v2\/pages"}],"about":[{"href":"https:\/\/crise.ca\/en\/wp-json\/wp\/v2\/types\/page"}],"author":[{"embeddable":true,"href":"https:\/\/crise.ca\/en\/wp-json\/wp\/v2\/users\/1"}],"replies":[{"embeddable":true,"href":"https:\/\/crise.ca\/en\/wp-json\/wp\/v2\/comments?post=1481"}],"version-history":[{"count":11,"href":"https:\/\/crise.ca\/en\/wp-json\/wp\/v2\/pages\/1481\/revisions"}],"predecessor-version":[{"id":6666,"href":"https:\/\/crise.ca\/en\/wp-json\/wp\/v2\/pages\/1481\/revisions\/6666"}],"up":[{"embeddable":true,"href":"https:\/\/crise.ca\/en\/wp-json\/wp\/v2\/pages\/1477"}],"wp:attachment":[{"href":"https:\/\/crise.ca\/en\/wp-json\/wp\/v2\/media?parent=1481"}],"curies":[{"name":"wp","href":"https:\/\/api.w.org\/{rel}","templated":true}]}}